{"id":5097,"date":"2019-09-04T19:25:07","date_gmt":"2019-09-04T22:25:07","guid":{"rendered":"https:\/\/logicomex.com.br\/?page_id=5097"},"modified":"2019-09-18T09:13:37","modified_gmt":"2019-09-18T12:13:37","slug":"saude","status":"publish","type":"page","link":"https:\/\/logicomex.com.br\/index.php\/categorias\/saude\/","title":{"rendered":"Sa\u00fade"},"content":{"rendered":"<p>[vc_section][vc_row][vc_column][\/vc_column][\/vc_row][vc_row][vc_column offset=&#8221;vc_col-md-8&#8243;][vc_row_inner][vc_column_inner][tm_spacer size=&#8221;lg:50&#8243;][tm_heading custom_google_font=&#8221;&#8221; text=&#8221;Sa\u00fade&#8221; font_size=&#8221;sm:24;md:30;lg:36&#8243;][tm_spacer size=&#8221;lg:27&#8243;][vc_column_text]<\/p>\n<p style=\"text-align: justify;\">O setor de sa\u00fade \u00e9 formado pelas ind\u00fastrias farmac\u00eauticas, distribuidoras e redes varejistas que atuam na comercializa\u00e7\u00e3o de insumos para ind\u00fastria farmac\u00eautica; bem como os produtos acabados destinados \u00e0 venda direta, como rem\u00e9dios, produtos para sa\u00fade, produtos de higiene, entre outros.<\/p>\n<p style=\"text-align: justify;\">A opera\u00e7\u00e3o deste setor demanda controle apurado de licen\u00e7as e documentos que ser\u00e3o apresentados \u00e0 ANVISA para instru\u00e7\u00e3o do processo de despacho, pois impacta diretamente nos custos de armazenagem e no prazo de libera\u00e7\u00e3o.<\/p>\n<p>[\/vc_column_text][tm_spacer size=&#8221;lg:50&#8243;][tm_image image_size=&#8221;custom&#8221; full_wide=&#8221;1&#8243; image=&#8221;5242&#8243; image_size_width=&#8221;770&#8243; image_size_height=&#8221;450&#8243; rounded=&#8221;5&#8243;][tm_spacer size=&#8221;lg:50&#8243;][vc_column_text]<\/p>\n<p style=\"text-align: justify;\">Registro de Produtos na Anvisa &#8211; Registro \u00e9 o ato legal que reconhece a adequa\u00e7\u00e3o de um produto \u00e0 legisla\u00e7\u00e3o sanit\u00e1ria. Sua concess\u00e3o \u00e9 dada pela Anvisa.<\/p>\n<p style=\"text-align: justify;\">A Logicomex trouxe para seu portf\u00f3lio, o servi\u00e7o de terceiriza\u00e7\u00e3o de Assuntos Regulat\u00f3rios. Atrav\u00e9s de nosso farmac\u00eautico respons\u00e1vel, cuidamos do registro da sua empresa, emiss\u00e3o de AFE, registros de produtos para sa\u00fade, saneantes, cosm\u00e9ticos, entre outros&#8230; consulte nossos especialistas para maiores informa\u00e7\u00f5es.<\/p>\n<p style=\"text-align: justify;\">A Logicomex contribui para o desenvolvimento deste setor ofertando aos nossos clientes tecnologias e processos espec\u00edficos atrav\u00e9s do portf\u00f3lio de produtos:<\/p>\n<p>[\/vc_column_text][tm_spacer size=&#8221;lg:70&#8243;][vc_column_text]<\/p>\n<h5 style=\"text-align: justify;\">TRANSPORTE INTERNACIONAL<\/h5>\n<p style=\"text-align: justify;\">&#8211; Gest\u00e3o de transporte (perec\u00edvel \/ temperatura \/ local de ingresso); &#8211; Customer Service especializado no segmento; &#8211; Consolida\u00e7\u00e3o de cargas (embarques a\u00e9reos \/ mar\u00edtimos); &#8211; Coordena\u00e7\u00e3o de P.O junto ao exportador e importador;<\/p>\n<h5 style=\"text-align: justify;\">DESEMBARA\u00c7O ADUANEIRO<\/h5>\n<p style=\"text-align: justify;\">&#8211; Enquadramento produto x procedimento (RDC 81\/08); &#8211; Expertise em todos os procedimentos da RDC 81\/08; &#8211; Parceria com empresas especialistas em registro de produto\/empresa perante a ANVISA; &#8211; Sistema que controla licen\u00e7as de importa\u00e7\u00e3o; &#8211; Libera\u00e7\u00e3o de sangue, reagentes, produtos para sa\u00fade, pesquisa cient\u00edfica (CNPQ), interface perante a ABIMO.<\/p>\n<h5 style=\"text-align: justify;\">AGENCIAMENTO DOS SERVI\u00c7OS DE TERMINAL &amp; TRANSPORTE RODOVI\u00c1RIO NACIONAL<\/h5>\n<p style=\"text-align: justify;\">&#8211; An\u00e1lise do melhor custo de armazenagens, movimenta\u00e7\u00f5es e de seguran\u00e7a; &#8211; Parceria com as mais conceituadas transportadoras com comprovada experi\u00eancia neste setor.<\/p>\n<h5 style=\"text-align: justify;\">SEGURO INTERNACIONAL<\/h5>\n<p style=\"text-align: justify;\">A Logicomex \u00e9 estipulante de uma ap\u00f3lice de seguro de transportes internacionais com cobertura Ampla A. Assim, podemos incluir sua empresa como benefici\u00e1ria nesta ap\u00f3lice, promovendo a devida seguran\u00e7a em suas opera\u00e7\u00f5es.<\/p>\n<p>[\/vc_column_text][\/vc_column_inner][\/vc_row_inner][\/vc_column][vc_column offset=&#8221;vc_col-md-4&#8243;][vc_widget_sidebar sidebar_id=&#8221;page_sidebar&#8221;][tm_spacer size=&#8221;lg:60&#8243;][\/vc_column][\/vc_row][\/vc_section]<\/p>\n","protected":false},"excerpt":{"rendered":"<p>[vc_section][vc_row][vc_column][\/vc_column][\/vc_row][vc_row][vc_column offset=&#8221;vc_col-md-8&#8243;][vc_row_inner][vc_column_inner][tm_spacer size=&#8221;lg:50&#8243;][tm_heading custom_google_font=&#8221;&#8221; text=&#8221;Sa\u00fade&#8221; font_size=&#8221;sm:24;md:30;lg:36&#8243;][tm_spacer size=&#8221;lg:27&#8243;][vc_column_text] O setor de sa\u00fade \u00e9 formado pelas ind\u00fastrias farmac\u00eauticas, distribuidoras e redes varejistas que atuam na comercializa\u00e7\u00e3o de insumos para ind\u00fastria farmac\u00eautica; bem como os produtos acabados destinados \u00e0 venda direta, como rem\u00e9dios, produtos para sa\u00fade, produtos de higiene, entre outros. A opera\u00e7\u00e3o deste setor demanda controle apurado de licen\u00e7as e documentos que ser\u00e3o apresentados \u00e0 ANVISA para instru\u00e7\u00e3o do processo de despacho, pois impacta diretamente nos custos de armazenagem e no prazo de libera\u00e7\u00e3o. [\/vc_column_text][tm_spacer size=&#8221;lg:50&#8243;][tm_image image_size=&#8221;custom&#8221; full_wide=&#8221;1&#8243; image=&#8221;5242&#8243; image_size_width=&#8221;770&#8243; image_size_height=&#8221;450&#8243; rounded=&#8221;5&#8243;][tm_spacer size=&#8221;lg:50&#8243;][vc_column_text] Registro de Produtos na Anvisa &#8211; Registro \u00e9 o ato legal que reconhece a adequa\u00e7\u00e3o de um produto \u00e0 legisla\u00e7\u00e3o sanit\u00e1ria. Sua concess\u00e3o \u00e9 dada pela Anvisa. A Logicomex trouxe para seu portf\u00f3lio, o servi\u00e7o de terceiriza\u00e7\u00e3o de Assuntos Regulat\u00f3rios. Atrav\u00e9s de nosso farmac\u00eautico respons\u00e1vel, cuidamos do registro da sua empresa, emiss\u00e3o de AFE, registros de produtos para sa\u00fade, saneantes, cosm\u00e9ticos, entre outros&#8230; consulte nossos especialistas para maiores informa\u00e7\u00f5es. A Logicomex contribui para o desenvolvimento deste setor ofertando aos nossos clientes tecnologias e processos espec\u00edficos atrav\u00e9s do portf\u00f3lio de produtos: [\/vc_column_text][tm_spacer size=&#8221;lg:70&#8243;][vc_column_text] TRANSPORTE INTERNACIONAL &#8211; Gest\u00e3o de transporte (perec\u00edvel \/ temperatura \/ local de ingresso); &#8211; Customer Service especializado no segmento; &#8211; Consolida\u00e7\u00e3o de cargas (embarques a\u00e9reos \/ mar\u00edtimos); &#8211; Coordena\u00e7\u00e3o de P.O junto ao exportador e importador; DESEMBARA\u00c7O ADUANEIRO &#8211; Enquadramento produto x procedimento (RDC 81\/08); &#8211; Expertise em todos os procedimentos da RDC 81\/08; &#8211; Parceria com empresas especialistas em registro de produto\/empresa perante a ANVISA; &#8211; Sistema que controla licen\u00e7as de importa\u00e7\u00e3o; &#8211; Libera\u00e7\u00e3o de sangue, reagentes, produtos para sa\u00fade, pesquisa cient\u00edfica (CNPQ), interface perante a ABIMO. AGENCIAMENTO DOS SERVI\u00c7OS DE TERMINAL &amp; TRANSPORTE RODOVI\u00c1RIO NACIONAL &#8211; An\u00e1lise do melhor custo de armazenagens, movimenta\u00e7\u00f5es e de seguran\u00e7a; &#8211; Parceria com as mais conceituadas transportadoras com comprovada experi\u00eancia neste setor. SEGURO INTERNACIONAL A Logicomex \u00e9 estipulante de uma ap\u00f3lice de seguro de transportes internacionais com cobertura Ampla A. Assim, podemos incluir sua empresa como benefici\u00e1ria nesta ap\u00f3lice, promovendo a devida seguran\u00e7a em suas opera\u00e7\u00f5es. [\/vc_column_text][\/vc_column_inner][\/vc_row_inner][\/vc_column][vc_column offset=&#8221;vc_col-md-4&#8243;][vc_widget_sidebar sidebar_id=&#8221;page_sidebar&#8221;][tm_spacer size=&#8221;lg:60&#8243;][\/vc_column][\/vc_row][\/vc_section]<\/p>\n","protected":false},"author":1,"featured_media":0,"parent":5069,"menu_order":0,"comment_status":"closed","ping_status":"closed","template":"","meta":{"footnotes":""},"class_list":["post-5097","page","type-page","status-publish","hentry"],"_links":{"self":[{"href":"https:\/\/logicomex.com.br\/index.php\/wp-json\/wp\/v2\/pages\/5097","targetHints":{"allow":["GET"]}}],"collection":[{"href":"https:\/\/logicomex.com.br\/index.php\/wp-json\/wp\/v2\/pages"}],"about":[{"href":"https:\/\/logicomex.com.br\/index.php\/wp-json\/wp\/v2\/types\/page"}],"author":[{"embeddable":true,"href":"https:\/\/logicomex.com.br\/index.php\/wp-json\/wp\/v2\/users\/1"}],"replies":[{"embeddable":true,"href":"https:\/\/logicomex.com.br\/index.php\/wp-json\/wp\/v2\/comments?post=5097"}],"version-history":[{"count":12,"href":"https:\/\/logicomex.com.br\/index.php\/wp-json\/wp\/v2\/pages\/5097\/revisions"}],"predecessor-version":[{"id":5346,"href":"https:\/\/logicomex.com.br\/index.php\/wp-json\/wp\/v2\/pages\/5097\/revisions\/5346"}],"up":[{"embeddable":true,"href":"https:\/\/logicomex.com.br\/index.php\/wp-json\/wp\/v2\/pages\/5069"}],"wp:attachment":[{"href":"https:\/\/logicomex.com.br\/index.php\/wp-json\/wp\/v2\/media?parent=5097"}],"curies":[{"name":"wp","href":"https:\/\/api.w.org\/{rel}","templated":true}]}}