{"id":507,"date":"2018-01-18T08:41:30","date_gmt":"2018-01-18T10:41:30","guid":{"rendered":""},"modified":"2019-09-19T15:27:25","modified_gmt":"2019-09-19T18:27:25","slug":"logicomex-2","status":"publish","type":"page","link":"https:\/\/logicomex.com.br\/","title":{"rendered":"Logicomex"},"content":{"rendered":"<p>[vc_row full_width=&#8221;stretch_row_content_no_spaces&#8221; el_id=&#8221;about-section&#8221;][vc_column][tm_grid gutter=&#8221;&#8221; row_gutter=&#8221;&#8221; gutter_color=&#8221;#eeeeee&#8221; columns=&#8221;xs:1;lg:3&#8243;][tm_box_icon style=&#8221;3&#8243; icon_type=&#8221;ion&#8221; icon_ion=&#8221;&#8221; heading=&#8221;Transporte Mar\u00edtimo&#8221; text=&#8221;Com uma estrutura robusta na \u00c1sia e no mundo, conte com a Logicomex na importa\u00e7\u00e3o e exporta\u00e7\u00e3o mar\u00edtima via LCL ou FCL.&#8221;][tm_box_icon style=&#8221;3&#8243; icon_type=&#8221;ion&#8221; icon_ion=&#8221;&#8221; heading=&#8221;Transporte A\u00e9reo&#8221; text=&#8221;Know-how para importa\u00e7\u00e3o e exporta\u00e7\u00e3o a\u00e9rea com agilidade, precis\u00e3o e especializa\u00e7\u00e3o para perec\u00edveis e materiais perigosos.&#8221;][tm_box_icon style=&#8221;3&#8243; icon_type=&#8221;ion&#8221; icon_ion=&#8221;&#8221; heading=&#8221;Transporte Rodovi\u00e1rio&#8221; text=&#8221;Aproximamos todo o Mercosul por meio rodovi\u00e1rio, conectando suas necessidades a diferentes rotas e cidades.&#8221;][\/tm_grid][\/vc_column][\/vc_row][vc_row][vc_column][tm_spacer size=&#8221;lg:109&#8243;][tm_heading style=&#8221;with-separator&#8221; custom_google_font=&#8221;&#8221; align=&#8221;center&#8221; text=&#8221;Servi\u00e7os&#8221;][tm_heading tag=&#8221;div&#8221; custom_google_font=&#8221;&#8221; align=&#8221;center&#8221; text=&#8221;Conhe\u00e7a os servi\u00e7os que a Logicomex tem a oferecer&#8221;][tm_spacer size=&#8221;lg:79&#8243;][tm_service style=&#8221;carousel&#8221; image_size=&#8221;370&#215;250&#8243; carousel_nav=&#8221;2&#8243; carousel_gutter=&#8221;30&#8243; number=&#8221;4&#8243; carousel_items_display=&#8221;xs:1;sm:2;md:3;lg:3&#8243; carousel_auto_play=&#8221;5000&#8243;][tm_spacer size=&#8221;sm:100;lg:143&#8243;][\/vc_column][\/vc_row][vc_row full_width=&#8221;stretch_row&#8221; effect=&#8221;wavify&#8221; wavify_items=&#8221;%5B%7B%22height%22%3A%22100%22%2C%22amplitude%22%3A%22180%22%2C%22bones%22%3A%225%22%2C%22background%22%3A%22rgba(224%2C238%2C255%2C0.26)%22%7D%2C%7B%22height%22%3A%22100%22%2C%22amplitude%22%3A%22200%22%2C%22bones%22%3A%226%22%2C%22background%22%3A%22rgba(224%2C238%2C255%2C0.32)%22%7D%5D&#8221; wavify_height=&#8221;md:700;lg:900&#8243;][vc_column][vc_row_inner content_placement=&#8221;middle&#8221;][vc_column_inner offset=&#8221;vc_col-md-4&#8243;][tm_heading custom_google_font=&#8221;&#8221; text=&#8221;Atuamos em mais de <mark>50 pa\u00edses<\/mark>&#8221; font_size=&#8221;sm:24;md:30;lg:36&#8243;][tm_spacer size=&#8221;lg:29&#8243;][tm_heading tag=&#8221;div&#8221; custom_google_font=&#8221;&#8221; text=&#8221;Somos especializados no mercado de produtos para Sa\u00fade, Cosm\u00e9ticos, Produtos Qu\u00edmicos, Alimentos e Bebidas, Partes e Pe\u00e7as Automotivas, Equipamentos e outros.&#8221;][tm_spacer size=&#8221;sm:35;lg:47&#8243;][tm_button size=&#8221;custom&#8221; button=&#8221;url:https%3A%2F%2Flogicomex.com.br%2Fnossa-historia%2F|title:Nossa%20Hist%C3%B3ria||&#8221; color=&#8221;custom&#8221; button_bg_color=&#8221;custom&#8221; font_color=&#8221;custom&#8221; button_border_color=&#8221;custom&#8221; button_icon_color=&#8221;&#8221; button_bg_color_hover=&#8221;primary&#8221; font_color_hover=&#8221;custom&#8221; button_border_color_hover=&#8221;primary&#8221; button_icon_color_hover=&#8221;&#8221; custom_button_bg_color=&#8221;#222222&#8243; custom_font_color=&#8221;#ffffff&#8221; custom_button_border_color=&#8221;#222222&#8243; custom_font_color_hover=&#8221;#ffffff&#8221; width=&#8221;180&#8243;][tm_spacer size=&#8221;sm:60&#8243;][\/vc_column_inner][vc_column_inner offset=&#8221;vc_col-md-offset-1 vc_col-md-7&#8243;][tm_popup_video video_text=&#8221;Play V\u00eddeo&#8221; video=&#8221;https:\/\/youtu.be\/dcn5jR5Lfsw&#8221; poster=&#8221;34&#8243;][\/vc_column_inner][\/vc_row_inner][tm_spacer size=&#8221;sm:100;lg:150&#8243;][tm_heading style=&#8221;with-separator&#8221; custom_google_font=&#8221;&#8221; align=&#8221;center&#8221; text=&#8221;Nossos N\u00fameros&#8221;][tm_heading tag=&#8221;div&#8221; custom_google_font=&#8221;&#8221; align=&#8221;center&#8221; text=&#8221;Nossas hist\u00f3rias de sucesso &#8211; O que alcan\u00e7amos&#8221;][tm_spacer size=&#8221;sm:60;lg:100&#8243;][vc_row_inner][vc_column_inner width=&#8221;1\/3&#8243;][tm_counter number=&#8221;100&#8243; number_suffix=&#8221;+&#8221; text=&#8221;Mais de 100 empresas utilizam nossos servi\u00e7os&#8221;][\/vc_column_inner][vc_column_inner width=&#8221;1\/3&#8243;][tm_counter number=&#8221;3500&#8243; number_suffix=&#8221;+&#8221; text=&#8221;Mais de 3.500 projetos conclu\u00eddos&#8221;][\/vc_column_inner][vc_column_inner width=&#8221;1\/3&#8243;][tm_counter number=&#8221;56&#8243; text=&#8221;56 pa\u00edses atendidos pelos nossos servi\u00e7os&#8221;][\/vc_column_inner][\/vc_row_inner][tm_spacer size=&#8221;sm:70;lg:104&#8243;][\/vc_column][\/vc_row][vc_row full_width=&#8221;stretch_row_content&#8221; content_placement=&#8221;middle&#8221;][vc_column width=&#8221;1\/2&#8243; background_image=&#8221;287&#8243;][tm_spacer size=&#8221;lg:130&#8243;][vc_row_inner content_alignment=&#8221;right&#8221; sm_content_alignment=&#8221;center&#8221; max_width=&#8221;600px&#8221;][vc_column_inner][tm_heading tag=&#8221;h4&#8243; custom_google_font=&#8221;&#8221; text_color=&#8221;custom&#8221; custom_text_color=&#8221;#ffffff&#8221; text=&#8221;Baixe gr\u00e1tis nosso e-Book completo de Importa\u00e7\u00e3o e Exporta\u00e7\u00e3o!&#8221; font_size=&#8221;sm:30;md:40;lg:50&#8243; line_height=&#8221;1.2&#8243; max_width=&#8221;400px&#8221;][\/vc_column_inner][\/vc_row_inner][tm_spacer size=&#8221;lg:130&#8243;][\/vc_column][vc_column width=&#8221;1\/2&#8243; background_color=&#8221;custom&#8221; custom_background_color=&#8221;#eff7ff&#8221;][tm_spacer size=&#8221;sm:100;lg:110&#8243;][vc_row_inner sm_content_alignment=&#8221;center&#8221; max_width=&#8221;600px&#8221;][vc_column_inner lg_spacing=&#8221;padding_left:115&#8243; md_spacing=&#8221;padding_left:35&#8243; sm_spacing=&#8221;padding_left:15&#8243;][tm_contact_form_7 id=&#8221;4801&#8243; style=&#8221;02&#8243;][\/vc_column_inner][\/vc_row_inner][tm_spacer size=&#8221;sm:100;lg:110&#8243;][\/vc_column][\/vc_row][vc_row full_width=&#8221;stretch_row&#8221; overlay_background=&#8221;custom&#8221; overlay_opacity=&#8221;62&#8243; background_image=&#8221;1700&#8243; background_position=&#8221;center&#8221; lg_spacing=&#8221;padding_top:93;padding_bottom:109&#8243;][vc_column][tm_image align=&#8221;center&#8221; image=&#8221;4276&#8243;][tm_spacer size=&#8221;lg:32&#8243;][tm_heading custom_google_font=&#8221;&#8221; align=&#8221;center&#8221; text_color=&#8221;custom&#8221; custom_text_color=&#8221;#ffffff&#8221; text=&#8221;Fale com nossa equipe<br \/>\nvia WhatsApp.&#8221; font_size=&#8221;xs:28;sm:34;md:42;lg:50&#8243; line_height=&#8221;1.2&#8243;][tm_spacer size=&#8221;lg:46&#8243;][tm_button style=&#8221;outline&#8221; size=&#8221;custom&#8221; button=&#8221;url:https%3A%2F%2Fapi.whatsapp.com%2Fsend%3F1%3Dpt_BR%26phone%3D5521996500085|title:WhatsApp|target:%20_blank|&#8221; align=&#8221;center&#8221; color=&#8221;custom&#8221; button_bg_color=&#8221;&#8221; font_color=&#8221;custom&#8221; button_border_color=&#8221;custom&#8221; button_icon_color=&#8221;&#8221; button_bg_color_hover=&#8221;custom&#8221; font_color_hover=&#8221;custom&#8221; button_border_color_hover=&#8221;custom&#8221; button_icon_color_hover=&#8221;&#8221; custom_font_color=&#8221;#ffffff&#8221; custom_button_border_color=&#8221;#ffffff&#8221; custom_button_bg_color_hover=&#8221;#ffffff&#8221; custom_font_color_hover=&#8221;#222222&#8243; custom_button_border_color_hover=&#8221;#ffffff&#8221; width=&#8221;180&#8243;][\/vc_column][\/vc_row][vc_row full_width=&#8221;stretch_row_content&#8221; lg_spacing=&#8221;padding_right:95;padding_left:95&#8243; md_spacing=&#8221;padding_right:35;padding_left:35&#8243; sm_spacing=&#8221;padding_right:0;padding_left:0&#8243;][vc_column][tm_spacer size=&#8221;sm:95;lg:116&#8243;][tm_heading style=&#8221;with-separator&#8221; custom_google_font=&#8221;&#8221; align=&#8221;center&#8221; text=&#8221;Depoimentos&#8221; font_size=&#8221;sm:24;md:30;lg:36&#8243;][tm_heading tag=&#8221;div&#8221; custom_google_font=&#8221;&#8221; align=&#8221;center&#8221; text=&#8221;Veja o que nossos clientes dizem sobre nossa qualidade de servi\u00e7o.&#8221;][tm_spacer size=&#8221;sm:50;lg:80&#8243;][tm_testimonial number=&#8221;9&#8243; auto_play=&#8221;5000&#8243; taxonomies=&#8221;testimonial_category:classic&#8221; carousel_items_display=&#8221;xs:1;sm:2;md:3;lg:5&#8243; carousel_gutter=&#8221;lg:0&#8243;][tm_spacer size=&#8221;sm:100;lg:120&#8243;][\/vc_column][\/vc_row][vc_row full_width=&#8221;stretch_row_content&#8221; content_placement=&#8221;middle&#8221;][vc_column width=&#8221;1\/2&#8243; background_image=&#8221;287&#8243;][tm_spacer size=&#8221;lg:130&#8243;][vc_row_inner content_alignment=&#8221;right&#8221; sm_content_alignment=&#8221;center&#8221; max_width=&#8221;600px&#8221;][vc_column_inner][tm_heading custom_google_font=&#8221;&#8221; text_color=&#8221;custom&#8221; custom_text_color=&#8221;#ffffff&#8221; text=&#8221;Envie uma pergunta agora.&#8221; font_size=&#8221;sm:30;md:40;lg:50&#8243; line_height=&#8221;1.2&#8243; max_width=&#8221;400px&#8221;][tm_spacer size=&#8221;lg:20&#8243;][tm_heading tag=&#8221;h6&#8243; custom_google_font=&#8221;&#8221; font_weight=&#8221;600&#8243; text_color=&#8221;custom&#8221; custom_text_color=&#8221;#ffffff&#8221; text=&#8221;Vamos inspirar e ajudar voc\u00ea.&#8221; font_size=&#8221;lg:16&#8243;][\/vc_column_inner][\/vc_row_inner][tm_spacer size=&#8221;lg:130&#8243;][\/vc_column][vc_column width=&#8221;1\/2&#8243; background_color=&#8221;custom&#8221; custom_background_color=&#8221;#eff7ff&#8221;][tm_spacer size=&#8221;sm:100;lg:110&#8243;][vc_row_inner sm_content_alignment=&#8221;center&#8221; max_width=&#8221;600px&#8221;][vc_column_inner lg_spacing=&#8221;padding_left:115&#8243; md_spacing=&#8221;padding_left:35&#8243; sm_spacing=&#8221;padding_left:15&#8243;][tm_contact_form_7 id=&#8221;4242&#8243; style=&#8221;02&#8243;][\/vc_column_inner][\/vc_row_inner][tm_spacer size=&#8221;sm:100;lg:110&#8243;][\/vc_column][\/vc_row][vc_row][vc_column][tm_spacer size=&#8221;sm:90;lg:119&#8243;][tm_heading style=&#8221;with-separator&#8221; custom_google_font=&#8221;&#8221; align=&#8221;center&#8221; text=&#8221;Novidades&#8221;][tm_heading tag=&#8221;div&#8221; custom_google_font=&#8221;&#8221; align=&#8221;center&#8221; text=&#8221;Acompanhe os \u00faltimos artigos do nosso Blog&#8221; max_width=&#8221;570px&#8221;][tm_spacer size=&#8221;lg:100&#8243;][tm_blog style=&#8221;grid_classic_01&#8243; gutter=&#8221;30&#8243; number=&#8221;3&#8243; columns=&#8221;xs:1;sm:2;lg:3&#8243; taxonomies=&#8221;post_tag:comercio-exterior&#8221;][tm_spacer size=&#8221;lg:97&#8243;][\/vc_column][\/vc_row][vc_row full_width=&#8221;stretch_row_content_no_spaces&#8221;][vc_column width=&#8221;1\/2&#8243;][tm_button size=&#8221;custom&#8221; full_wide=&#8221;1&#8243; button=&#8221;url:https%3A%2F%2Flogicomex.com.br%2Fcontato%2F|title:Fale%20Conosco||&#8221; hover_animation=&#8221;icon-move&#8221; icon_type=&#8221;ion&#8221; icon_ion=&#8221;ion-arrow-right-c&#8221; color=&#8221;custom&#8221; button_bg_color=&#8221;custom&#8221; font_color=&#8221;custom&#8221; button_border_color=&#8221;custom&#8221; button_icon_color=&#8221;&#8221; button_bg_color_hover=&#8221;&#8221; font_color_hover=&#8221;&#8221; button_border_color_hover=&#8221;&#8221; button_icon_color_hover=&#8221;&#8221; height=&#8221;100&#8243; rounded=&#8221;0&#8243; custom_button_bg_color=&#8221;#004eb4&#8243; custom_font_color=&#8221;#ffffff&#8221; custom_button_border_color=&#8221;#004eb4&#8243;][\/vc_column][vc_column width=&#8221;1\/2&#8243;][tm_button size=&#8221;custom&#8221; full_wide=&#8221;1&#8243; button=&#8221;url:%23|title:Conhe%C3%A7a%20Nossos%20Servi%C3%A7os||&#8221; hover_animation=&#8221;icon-move&#8221; icon_type=&#8221;ion&#8221; icon_ion=&#8221;ion-arrow-right-c&#8221; color=&#8221;custom&#8221; button_bg_color=&#8221;primary&#8221; font_color=&#8221;custom&#8221; button_border_color=&#8221;primary&#8221; button_icon_color=&#8221;&#8221; button_bg_color_hover=&#8221;&#8221; font_color_hover=&#8221;&#8221; button_border_color_hover=&#8221;&#8221; button_icon_color_hover=&#8221;&#8221; height=&#8221;100&#8243; rounded=&#8221;0&#8243; custom_font_color=&#8221;#ffffff&#8221;][\/vc_column][\/vc_row]<\/p>\n","protected":false},"excerpt":{"rendered":"<p>[vc_row full_width=&#8221;stretch_row_content_no_spaces&#8221; el_id=&#8221;about-section&#8221;][vc_column][tm_grid gutter=&#8221;&#8221; row_gutter=&#8221;&#8221; gutter_color=&#8221;#eeeeee&#8221; columns=&#8221;xs:1;lg:3&#8243;][tm_box_icon style=&#8221;3&#8243; icon_type=&#8221;ion&#8221; icon_ion=&#8221;&#8221; heading=&#8221;Transporte Mar\u00edtimo&#8221; text=&#8221;Com uma estrutura robusta na \u00c1sia e no mundo, conte com a Logicomex na importa\u00e7\u00e3o e exporta\u00e7\u00e3o mar\u00edtima via LCL ou FCL.&#8221;][tm_box_icon style=&#8221;3&#8243; icon_type=&#8221;ion&#8221; icon_ion=&#8221;&#8221; heading=&#8221;Transporte A\u00e9reo&#8221; text=&#8221;Know-how para importa\u00e7\u00e3o e exporta\u00e7\u00e3o a\u00e9rea com agilidade, precis\u00e3o e especializa\u00e7\u00e3o para perec\u00edveis e materiais perigosos.&#8221;][tm_box_icon style=&#8221;3&#8243; icon_type=&#8221;ion&#8221; icon_ion=&#8221;&#8221; heading=&#8221;Transporte Rodovi\u00e1rio&#8221; text=&#8221;Aproximamos todo o Mercosul por meio rodovi\u00e1rio, conectando suas necessidades a diferentes rotas e cidades.&#8221;][\/tm_grid][\/vc_column][\/vc_row][vc_row][vc_column][tm_spacer size=&#8221;lg:109&#8243;][tm_heading style=&#8221;with-separator&#8221; custom_google_font=&#8221;&#8221; align=&#8221;center&#8221; text=&#8221;Servi\u00e7os&#8221;][tm_heading tag=&#8221;div&#8221; custom_google_font=&#8221;&#8221; align=&#8221;center&#8221; text=&#8221;Conhe\u00e7a os servi\u00e7os que a Logicomex tem a oferecer&#8221;][tm_spacer size=&#8221;lg:79&#8243;][tm_service style=&#8221;carousel&#8221; image_size=&#8221;370&#215;250&#8243; carousel_nav=&#8221;2&#8243; carousel_gutter=&#8221;30&#8243; number=&#8221;4&#8243; carousel_items_display=&#8221;xs:1;sm:2;md:3;lg:3&#8243; carousel_auto_play=&#8221;5000&#8243;][tm_spacer size=&#8221;sm:100;lg:143&#8243;][\/vc_column][\/vc_row][vc_row full_width=&#8221;stretch_row&#8221; effect=&#8221;wavify&#8221; wavify_items=&#8221;%5B%7B%22height%22%3A%22100%22%2C%22amplitude%22%3A%22180%22%2C%22bones%22%3A%225%22%2C%22background%22%3A%22rgba(224%2C238%2C255%2C0.26)%22%7D%2C%7B%22height%22%3A%22100%22%2C%22amplitude%22%3A%22200%22%2C%22bones%22%3A%226%22%2C%22background%22%3A%22rgba(224%2C238%2C255%2C0.32)%22%7D%5D&#8221; wavify_height=&#8221;md:700;lg:900&#8243;][vc_column][vc_row_inner content_placement=&#8221;middle&#8221;][vc_column_inner offset=&#8221;vc_col-md-4&#8243;][tm_heading custom_google_font=&#8221;&#8221; text=&#8221;Atuamos em mais de 50 pa\u00edses&#8221; font_size=&#8221;sm:24;md:30;lg:36&#8243;][tm_spacer size=&#8221;lg:29&#8243;][tm_heading tag=&#8221;div&#8221; custom_google_font=&#8221;&#8221; text=&#8221;Somos especializados no mercado de produtos para Sa\u00fade, Cosm\u00e9ticos, Produtos Qu\u00edmicos, Alimentos e Bebidas, Partes e Pe\u00e7as Automotivas, Equipamentos e outros.&#8221;][tm_spacer size=&#8221;sm:35;lg:47&#8243;][tm_button size=&#8221;custom&#8221; button=&#8221;url:https%3A%2F%2Flogicomex.com.br%2Fnossa-historia%2F|title:Nossa%20Hist%C3%B3ria||&#8221; color=&#8221;custom&#8221; button_bg_color=&#8221;custom&#8221; font_color=&#8221;custom&#8221; button_border_color=&#8221;custom&#8221; button_icon_color=&#8221;&#8221; button_bg_color_hover=&#8221;primary&#8221; font_color_hover=&#8221;custom&#8221; button_border_color_hover=&#8221;primary&#8221; button_icon_color_hover=&#8221;&#8221; custom_button_bg_color=&#8221;#222222&#8243; custom_font_color=&#8221;#ffffff&#8221; custom_button_border_color=&#8221;#222222&#8243; custom_font_color_hover=&#8221;#ffffff&#8221; width=&#8221;180&#8243;][tm_spacer size=&#8221;sm:60&#8243;][\/vc_column_inner][vc_column_inner offset=&#8221;vc_col-md-offset-1 vc_col-md-7&#8243;][tm_popup_video video_text=&#8221;Play V\u00eddeo&#8221; video=&#8221;https:\/\/youtu.be\/dcn5jR5Lfsw&#8221; poster=&#8221;34&#8243;][\/vc_column_inner][\/vc_row_inner][tm_spacer size=&#8221;sm:100;lg:150&#8243;][tm_heading style=&#8221;with-separator&#8221; custom_google_font=&#8221;&#8221; align=&#8221;center&#8221; text=&#8221;Nossos N\u00fameros&#8221;][tm_heading tag=&#8221;div&#8221; custom_google_font=&#8221;&#8221; align=&#8221;center&#8221; text=&#8221;Nossas hist\u00f3rias de sucesso &#8211; O que alcan\u00e7amos&#8221;][tm_spacer size=&#8221;sm:60;lg:100&#8243;][vc_row_inner][vc_column_inner width=&#8221;1\/3&#8243;][tm_counter number=&#8221;100&#8243; number_suffix=&#8221;+&#8221; text=&#8221;Mais de 100 empresas utilizam nossos servi\u00e7os&#8221;][\/vc_column_inner][vc_column_inner width=&#8221;1\/3&#8243;][tm_counter number=&#8221;3500&#8243; number_suffix=&#8221;+&#8221; text=&#8221;Mais de 3.500 projetos conclu\u00eddos&#8221;][\/vc_column_inner][vc_column_inner width=&#8221;1\/3&#8243;][tm_counter number=&#8221;56&#8243; text=&#8221;56 pa\u00edses atendidos pelos nossos servi\u00e7os&#8221;][\/vc_column_inner][\/vc_row_inner][tm_spacer size=&#8221;sm:70;lg:104&#8243;][\/vc_column][\/vc_row][vc_row full_width=&#8221;stretch_row_content&#8221; content_placement=&#8221;middle&#8221;][vc_column width=&#8221;1\/2&#8243; background_image=&#8221;287&#8243;][tm_spacer size=&#8221;lg:130&#8243;][vc_row_inner content_alignment=&#8221;right&#8221; sm_content_alignment=&#8221;center&#8221; max_width=&#8221;600px&#8221;][vc_column_inner][tm_heading tag=&#8221;h4&#8243; custom_google_font=&#8221;&#8221; text_color=&#8221;custom&#8221; custom_text_color=&#8221;#ffffff&#8221; text=&#8221;Baixe gr\u00e1tis nosso e-Book completo de Importa\u00e7\u00e3o e Exporta\u00e7\u00e3o!&#8221; font_size=&#8221;sm:30;md:40;lg:50&#8243; line_height=&#8221;1.2&#8243; max_width=&#8221;400px&#8221;][\/vc_column_inner][\/vc_row_inner][tm_spacer size=&#8221;lg:130&#8243;][\/vc_column][vc_column width=&#8221;1\/2&#8243; background_color=&#8221;custom&#8221; custom_background_color=&#8221;#eff7ff&#8221;][tm_spacer size=&#8221;sm:100;lg:110&#8243;][vc_row_inner sm_content_alignment=&#8221;center&#8221; max_width=&#8221;600px&#8221;][vc_column_inner lg_spacing=&#8221;padding_left:115&#8243; md_spacing=&#8221;padding_left:35&#8243; sm_spacing=&#8221;padding_left:15&#8243;][tm_contact_form_7 id=&#8221;4801&#8243; style=&#8221;02&#8243;][\/vc_column_inner][\/vc_row_inner][tm_spacer size=&#8221;sm:100;lg:110&#8243;][\/vc_column][\/vc_row][vc_row full_width=&#8221;stretch_row&#8221; overlay_background=&#8221;custom&#8221; overlay_opacity=&#8221;62&#8243; background_image=&#8221;1700&#8243; background_position=&#8221;center&#8221; lg_spacing=&#8221;padding_top:93;padding_bottom:109&#8243;][vc_column][tm_image align=&#8221;center&#8221; image=&#8221;4276&#8243;][tm_spacer size=&#8221;lg:32&#8243;][tm_heading custom_google_font=&#8221;&#8221; align=&#8221;center&#8221; text_color=&#8221;custom&#8221; custom_text_color=&#8221;#ffffff&#8221; text=&#8221;Fale com nossa equipe via WhatsApp.&#8221; font_size=&#8221;xs:28;sm:34;md:42;lg:50&#8243; line_height=&#8221;1.2&#8243;][tm_spacer size=&#8221;lg:46&#8243;][tm_button style=&#8221;outline&#8221; size=&#8221;custom&#8221; button=&#8221;url:https%3A%2F%2Fapi.whatsapp.com%2Fsend%3F1%3Dpt_BR%26phone%3D5521996500085|title:WhatsApp|target:%20_blank|&#8221; align=&#8221;center&#8221; color=&#8221;custom&#8221; button_bg_color=&#8221;&#8221; font_color=&#8221;custom&#8221; button_border_color=&#8221;custom&#8221; button_icon_color=&#8221;&#8221; button_bg_color_hover=&#8221;custom&#8221; font_color_hover=&#8221;custom&#8221; button_border_color_hover=&#8221;custom&#8221; button_icon_color_hover=&#8221;&#8221; custom_font_color=&#8221;#ffffff&#8221; custom_button_border_color=&#8221;#ffffff&#8221; custom_button_bg_color_hover=&#8221;#ffffff&#8221; custom_font_color_hover=&#8221;#222222&#8243; custom_button_border_color_hover=&#8221;#ffffff&#8221; width=&#8221;180&#8243;][\/vc_column][\/vc_row][vc_row full_width=&#8221;stretch_row_content&#8221; lg_spacing=&#8221;padding_right:95;padding_left:95&#8243; md_spacing=&#8221;padding_right:35;padding_left:35&#8243; sm_spacing=&#8221;padding_right:0;padding_left:0&#8243;][vc_column][tm_spacer size=&#8221;sm:95;lg:116&#8243;][tm_heading style=&#8221;with-separator&#8221; custom_google_font=&#8221;&#8221; align=&#8221;center&#8221; text=&#8221;Depoimentos&#8221; font_size=&#8221;sm:24;md:30;lg:36&#8243;][tm_heading tag=&#8221;div&#8221; custom_google_font=&#8221;&#8221; align=&#8221;center&#8221; text=&#8221;Veja o que nossos clientes dizem sobre nossa qualidade de servi\u00e7o.&#8221;][tm_spacer size=&#8221;sm:50;lg:80&#8243;][tm_testimonial number=&#8221;9&#8243; auto_play=&#8221;5000&#8243; taxonomies=&#8221;testimonial_category:classic&#8221; carousel_items_display=&#8221;xs:1;sm:2;md:3;lg:5&#8243; carousel_gutter=&#8221;lg:0&#8243;][tm_spacer size=&#8221;sm:100;lg:120&#8243;][\/vc_column][\/vc_row][vc_row full_width=&#8221;stretch_row_content&#8221; content_placement=&#8221;middle&#8221;][vc_column width=&#8221;1\/2&#8243; background_image=&#8221;287&#8243;][tm_spacer size=&#8221;lg:130&#8243;][vc_row_inner content_alignment=&#8221;right&#8221; sm_content_alignment=&#8221;center&#8221; max_width=&#8221;600px&#8221;][vc_column_inner][tm_heading custom_google_font=&#8221;&#8221; text_color=&#8221;custom&#8221; custom_text_color=&#8221;#ffffff&#8221; text=&#8221;Envie uma pergunta agora.&#8221; font_size=&#8221;sm:30;md:40;lg:50&#8243; line_height=&#8221;1.2&#8243; max_width=&#8221;400px&#8221;][tm_spacer size=&#8221;lg:20&#8243;][tm_heading tag=&#8221;h6&#8243; custom_google_font=&#8221;&#8221; font_weight=&#8221;600&#8243; text_color=&#8221;custom&#8221; custom_text_color=&#8221;#ffffff&#8221; text=&#8221;Vamos inspirar e ajudar voc\u00ea.&#8221; font_size=&#8221;lg:16&#8243;][\/vc_column_inner][\/vc_row_inner][tm_spacer size=&#8221;lg:130&#8243;][\/vc_column][vc_column width=&#8221;1\/2&#8243; background_color=&#8221;custom&#8221; custom_background_color=&#8221;#eff7ff&#8221;][tm_spacer size=&#8221;sm:100;lg:110&#8243;][vc_row_inner sm_content_alignment=&#8221;center&#8221; max_width=&#8221;600px&#8221;][vc_column_inner lg_spacing=&#8221;padding_left:115&#8243; md_spacing=&#8221;padding_left:35&#8243; sm_spacing=&#8221;padding_left:15&#8243;][tm_contact_form_7 id=&#8221;4242&#8243; style=&#8221;02&#8243;][\/vc_column_inner][\/vc_row_inner][tm_spacer size=&#8221;sm:100;lg:110&#8243;][\/vc_column][\/vc_row][vc_row][vc_column][tm_spacer size=&#8221;sm:90;lg:119&#8243;][tm_heading style=&#8221;with-separator&#8221; custom_google_font=&#8221;&#8221; align=&#8221;center&#8221; text=&#8221;Novidades&#8221;][tm_heading tag=&#8221;div&#8221; custom_google_font=&#8221;&#8221; align=&#8221;center&#8221; text=&#8221;Acompanhe os \u00faltimos artigos do nosso Blog&#8221; max_width=&#8221;570px&#8221;][tm_spacer size=&#8221;lg:100&#8243;][tm_blog style=&#8221;grid_classic_01&#8243; gutter=&#8221;30&#8243; number=&#8221;3&#8243; columns=&#8221;xs:1;sm:2;lg:3&#8243; taxonomies=&#8221;post_tag:comercio-exterior&#8221;][tm_spacer size=&#8221;lg:97&#8243;][\/vc_column][\/vc_row][vc_row full_width=&#8221;stretch_row_content_no_spaces&#8221;][vc_column width=&#8221;1\/2&#8243;][tm_button size=&#8221;custom&#8221; full_wide=&#8221;1&#8243; button=&#8221;url:https%3A%2F%2Flogicomex.com.br%2Fcontato%2F|title:Fale%20Conosco||&#8221; hover_animation=&#8221;icon-move&#8221; icon_type=&#8221;ion&#8221; icon_ion=&#8221;ion-arrow-right-c&#8221; color=&#8221;custom&#8221; button_bg_color=&#8221;custom&#8221; font_color=&#8221;custom&#8221; button_border_color=&#8221;custom&#8221; button_icon_color=&#8221;&#8221; button_bg_color_hover=&#8221;&#8221; font_color_hover=&#8221;&#8221; button_border_color_hover=&#8221;&#8221; button_icon_color_hover=&#8221;&#8221; height=&#8221;100&#8243; rounded=&#8221;0&#8243; custom_button_bg_color=&#8221;#004eb4&#8243; custom_font_color=&#8221;#ffffff&#8221; custom_button_border_color=&#8221;#004eb4&#8243;][\/vc_column][vc_column width=&#8221;1\/2&#8243;][tm_button size=&#8221;custom&#8221; full_wide=&#8221;1&#8243; button=&#8221;url:%23|title:Conhe%C3%A7a%20Nossos%20Servi%C3%A7os||&#8221; hover_animation=&#8221;icon-move&#8221; icon_type=&#8221;ion&#8221; icon_ion=&#8221;ion-arrow-right-c&#8221; color=&#8221;custom&#8221; button_bg_color=&#8221;primary&#8221; font_color=&#8221;custom&#8221; button_border_color=&#8221;primary&#8221; button_icon_color=&#8221;&#8221; button_bg_color_hover=&#8221;&#8221; font_color_hover=&#8221;&#8221; button_border_color_hover=&#8221;&#8221; button_icon_color_hover=&#8221;&#8221; height=&#8221;100&#8243; rounded=&#8221;0&#8243; custom_font_color=&#8221;#ffffff&#8221;][\/vc_column][\/vc_row]<\/p>\n","protected":false},"author":1,"featured_media":0,"parent":0,"menu_order":8,"comment_status":"closed","ping_status":"closed","template":"","meta":{"footnotes":""},"class_list":["post-507","page","type-page","status-publish","hentry"],"_links":{"self":[{"href":"https:\/\/logicomex.com.br\/index.php\/wp-json\/wp\/v2\/pages\/507","targetHints":{"allow":["GET"]}}],"collection":[{"href":"https:\/\/logicomex.com.br\/index.php\/wp-json\/wp\/v2\/pages"}],"about":[{"href":"https:\/\/logicomex.com.br\/index.php\/wp-json\/wp\/v2\/types\/page"}],"author":[{"embeddable":true,"href":"https:\/\/logicomex.com.br\/index.php\/wp-json\/wp\/v2\/users\/1"}],"replies":[{"embeddable":true,"href":"https:\/\/logicomex.com.br\/index.php\/wp-json\/wp\/v2\/comments?post=507"}],"version-history":[{"count":38,"href":"https:\/\/logicomex.com.br\/index.php\/wp-json\/wp\/v2\/pages\/507\/revisions"}],"predecessor-version":[{"id":5481,"href":"https:\/\/logicomex.com.br\/index.php\/wp-json\/wp\/v2\/pages\/507\/revisions\/5481"}],"wp:attachment":[{"href":"https:\/\/logicomex.com.br\/index.php\/wp-json\/wp\/v2\/media?parent=507"}],"curies":[{"name":"wp","href":"https:\/\/api.w.org\/{rel}","templated":true}]}}