{"id":4900,"date":"2019-04-15T22:44:24","date_gmt":"2019-04-16T01:44:24","guid":{"rendered":"https:\/\/logicomex.com.br\/?page_id=4900"},"modified":"2019-09-10T15:29:32","modified_gmt":"2019-09-10T18:29:32","slug":"termos-de-uso","status":"publish","type":"page","link":"https:\/\/logicomex.com.br\/index.php\/termos-de-uso\/","title":{"rendered":"Termos de Uso"},"content":{"rendered":"<p>[vc_row][vc_column][vc_column_text]<\/p>\n<p style=\"text-align: justify;\">O website da Logicomex (www.logicomex.com) \u00e9 uma p\u00e1gina eletr\u00f4nica na internet que oferece servi\u00e7os e informa\u00e7\u00f5es sobre com\u00e9rcio exterior. Seu acesso representa a aceita\u00e7\u00e3o expressa e irrestrita dos termos de uso abaixo descritos. Se voc\u00ea n\u00e3o concorda com os termos, por favor, n\u00e3o acesse nem utilize este site. O visitante apenas poder\u00e1 usar este site de maneira l\u00edcita. Este espa\u00e7o n\u00e3o poder\u00e1 ser utilizado para publicar, enviar, distribuir ou divulgar conte\u00fados ou informa\u00e7\u00e3o de car\u00e1ter difamat\u00f3rio, obsceno ou il\u00edcito, inclusive informa\u00e7\u00f5es de propriedade exclusiva pertencentes a outras pessoas ou empresas, bem como marcas registradas ou informa\u00e7\u00f5es protegidas por direitos autorais, sem a expressa autoriza\u00e7\u00e3o do detentor desses direitos. Ainda, o visitante n\u00e3o poder\u00e1 usar o site para obter ou divulgar informa\u00e7\u00f5es pessoais, inclusive endere\u00e7os na Internet, sobre os usu\u00e1rios do site. N\u00f3s da Logicomex nos empenhamos em manter a qualidade, atualidade e autenticidade das informa\u00e7\u00f5es do site, mas seus criadores e colaboradores n\u00e3o se responsabilizam por eventuais falhas nos servi\u00e7os ou inexatid\u00e3o das informa\u00e7\u00f5es oferecidas. O usu\u00e1rio n\u00e3o deve ter como pressuposto que tais servi\u00e7os e informa\u00e7\u00f5es s\u00e3o isentos de erros ou que ser\u00e3o adequados aos seus objetivos particulares. Os criadores e colaboradores tampouco assumem o compromisso de atualizar as informa\u00e7\u00f5es, e reservam-se o direito de alterar as condi\u00e7\u00f5es de uso ou pre\u00e7os dos servi\u00e7os oferecidos no site a qualquer momento, sem aviso pr\u00e9vio. O acesso ao site \u00e9 gratuito, mas os propriet\u00e1rios do site poder\u00e3o criar \u00e1reas de acesso exclusivo aos seus clientes ou para terceiros especialmente autorizados. Os criadores e colaboradores poder\u00e3o, a seu exclusivo crit\u00e9rio e em qualquer tempo, modificar ou desativar o site, bem como limitar, cancelar ou suspender seu uso ou o acesso. Tamb\u00e9m estes Termos de Uso poder\u00e3o ser alterados a qualquer tempo. Visite regularmente esta p\u00e1gina e consulte os Termos ent\u00e3o vigentes. Algumas disposi\u00e7\u00f5es destes Termos podem ser substitu\u00eddas por termos ou avisos legais expressos localizados em determinadas p\u00e1ginas deste site. Os criadores e colaboradores da Logicomex far\u00e3o os melhores esfor\u00e7os para notificar todos os seus usu\u00e1rios e clientes em caso de altera\u00e7\u00e3o nestes Termos de Uso.<\/p>\n<p style=\"text-align: justify;\"><strong>LIMITA\u00c7\u00c3O DA RESPONSABILIDADE<\/strong><\/p>\n<p style=\"text-align: justify;\">Os propriet\u00e1rios e colaboradores n\u00e3o se responsabilizam por nenhuma decis\u00e3o tomada por seus visitantes \u00e0 partir das reflex\u00f5es geradas por seus conte\u00fados e cursos do site, sejam eles gratuitos ou n\u00e3o. Em nenhum caso n\u00f3s, ou os nossos colaboradores seremos responsabilizados por quaisquer danos, incluindo interrup\u00e7\u00e3o de neg\u00f3cio, ou perda de informa\u00e7\u00e3o que resultem do uso ou da incapacidade de usar os materiais. A Logicomex n\u00e3o \u00e9 respons\u00e1vel pela viola\u00e7\u00e3o de direitos autorais decorrente de informa\u00e7\u00f5es, documentos e materiais publicados neste website por terceiros, comprometendo-se a retir\u00e1-los do ar assim que notificado da infra\u00e7\u00e3o.<\/p>\n<p style=\"text-align: justify;\"><strong>DIREITOS AUTORAIS E PROPRIEDADE INTELECTUAL<\/strong><\/p>\n<p style=\"text-align: justify;\">Os documentos, conte\u00fados e cria\u00e7\u00f5es contidos neste website pertencem aos seus criadores e colaboradores. A autoria dos conte\u00fados, materiais e imagens exibidos no www.logicomex.com \u00e9 protegida por leis nacionais e internacionais. O nome do site www.logicomex.com, seu logotipo, o nome de dom\u00ednio para acesso na Internet, bem como todos os elementos caracter\u00edsticos da tecnologia desenvolvida e aqui apresentada, sob a forma da articula\u00e7\u00e3o de bases de dados, constituem marcas registradas e propriedades intelectuais privadas e todos os direitos decorrentes de seu registro s\u00e3o assegurados por lei. Alguns direitos de uso podem ser cedidos em contrato ou licen\u00e7a especial, que pode ser cancelada a qualquer momento se n\u00e3o cumpridos os seus termos. \u00c9 proibido criar site, perfil ou fan page com a inten\u00e7\u00e3o de se passar por qualquer um dos especialista da Logicomex; ou fazer uso de seu material, textos inteiros ou trechos sem citar suas reais autorias.<\/p>\n<p style=\"text-align: justify;\"><strong>RECLAMA\u00c7\u00d5ES SOBRE VIOLA\u00c7\u00c3O DE DIREITOS AUTORAIS<\/strong><\/p>\n<p style=\"text-align: justify;\">N\u00f3s respeitamos a propriedade intelectual de outras pessoas ou empresas e solicitamos aos nossos membros que fa\u00e7am o mesmo. Toda e qualquer viola\u00e7\u00e3o de direitos autorais dever\u00e1 ser notificada e acompanhada dos documentos e informa\u00e7\u00f5es que confirmam a autoria. A notifica\u00e7\u00e3o poder\u00e1 ser enviada pelos e-mails constantes do site ou via postal para o seguinte endere\u00e7o contato@logicomex.com. O acesso ao www.logicomex.com representa a aceita\u00e7\u00e3o expressa e irrestrita dos termos de uso acima descritos.<\/p>\n<p>[\/vc_column_text][\/vc_column][\/vc_row]<\/p>\n","protected":false},"excerpt":{"rendered":"<p>[vc_row][vc_column][vc_column_text] O website da Logicomex (www.logicomex.com) \u00e9 uma p\u00e1gina eletr\u00f4nica na internet que oferece servi\u00e7os e informa\u00e7\u00f5es sobre com\u00e9rcio exterior. Seu acesso representa a aceita\u00e7\u00e3o expressa e irrestrita dos termos de uso abaixo descritos. Se voc\u00ea n\u00e3o concorda com os termos, por favor, n\u00e3o acesse nem utilize este site. O visitante apenas poder\u00e1 usar este site de maneira l\u00edcita. Este espa\u00e7o n\u00e3o poder\u00e1 ser utilizado para publicar, enviar, distribuir ou divulgar conte\u00fados ou informa\u00e7\u00e3o de car\u00e1ter difamat\u00f3rio, obsceno ou il\u00edcito, inclusive informa\u00e7\u00f5es de propriedade exclusiva pertencentes a outras pessoas ou empresas, bem como marcas registradas ou informa\u00e7\u00f5es protegidas por direitos autorais, sem a expressa autoriza\u00e7\u00e3o do detentor desses direitos. Ainda, o visitante n\u00e3o poder\u00e1 usar o site para obter ou divulgar informa\u00e7\u00f5es pessoais, inclusive endere\u00e7os na Internet, sobre os usu\u00e1rios do site. N\u00f3s da Logicomex nos empenhamos em manter a qualidade, atualidade e autenticidade das informa\u00e7\u00f5es do site, mas seus criadores e colaboradores n\u00e3o se responsabilizam por eventuais falhas nos servi\u00e7os ou inexatid\u00e3o das informa\u00e7\u00f5es oferecidas. O usu\u00e1rio n\u00e3o deve ter como pressuposto que tais servi\u00e7os e informa\u00e7\u00f5es s\u00e3o isentos de erros ou que ser\u00e3o adequados aos seus objetivos particulares. Os criadores e colaboradores tampouco assumem o compromisso de atualizar as informa\u00e7\u00f5es, e reservam-se o direito de alterar as condi\u00e7\u00f5es de uso ou pre\u00e7os dos servi\u00e7os oferecidos no site a qualquer momento, sem aviso pr\u00e9vio. O acesso ao site \u00e9 gratuito, mas os propriet\u00e1rios do site poder\u00e3o criar \u00e1reas de acesso exclusivo aos seus clientes ou para terceiros especialmente autorizados. Os criadores e colaboradores poder\u00e3o, a seu exclusivo crit\u00e9rio e em qualquer tempo, modificar ou desativar o site, bem como limitar, cancelar ou suspender seu uso ou o acesso. Tamb\u00e9m estes Termos de Uso poder\u00e3o ser alterados a qualquer tempo. Visite regularmente esta p\u00e1gina e consulte os Termos ent\u00e3o vigentes. Algumas disposi\u00e7\u00f5es destes Termos podem ser substitu\u00eddas por termos ou avisos legais expressos localizados em determinadas p\u00e1ginas deste site. Os criadores e colaboradores da Logicomex far\u00e3o os melhores esfor\u00e7os para notificar todos os seus usu\u00e1rios e clientes em caso de altera\u00e7\u00e3o nestes Termos de Uso. LIMITA\u00c7\u00c3O DA RESPONSABILIDADE Os propriet\u00e1rios e colaboradores n\u00e3o se responsabilizam por nenhuma decis\u00e3o tomada por seus visitantes \u00e0 partir das reflex\u00f5es geradas por seus conte\u00fados e cursos do site, sejam eles gratuitos ou n\u00e3o. Em nenhum caso n\u00f3s, ou os nossos colaboradores seremos responsabilizados por quaisquer danos, incluindo interrup\u00e7\u00e3o de neg\u00f3cio, ou perda de informa\u00e7\u00e3o que resultem do uso ou da incapacidade de usar os materiais. A Logicomex n\u00e3o \u00e9 respons\u00e1vel pela viola\u00e7\u00e3o de direitos autorais decorrente de informa\u00e7\u00f5es, documentos e materiais publicados neste website por terceiros, comprometendo-se a retir\u00e1-los do ar assim que notificado da infra\u00e7\u00e3o. DIREITOS AUTORAIS E PROPRIEDADE INTELECTUAL Os documentos, conte\u00fados e cria\u00e7\u00f5es contidos neste website pertencem aos seus criadores e colaboradores. A autoria dos conte\u00fados, materiais e imagens exibidos no www.logicomex.com \u00e9 protegida por leis nacionais e internacionais. O nome do site www.logicomex.com, seu logotipo, o nome de dom\u00ednio para acesso na Internet, bem como todos os elementos caracter\u00edsticos da tecnologia desenvolvida e aqui apresentada, sob a forma da articula\u00e7\u00e3o de bases de dados, constituem marcas registradas e propriedades intelectuais privadas e todos os direitos decorrentes de seu registro s\u00e3o assegurados por lei. Alguns direitos de uso podem ser cedidos em contrato ou licen\u00e7a especial, que pode ser cancelada a qualquer momento se n\u00e3o cumpridos os seus termos. \u00c9 proibido criar site, perfil ou fan page com a inten\u00e7\u00e3o de se passar por qualquer um dos especialista da Logicomex; ou fazer uso de seu material, textos inteiros ou trechos sem citar suas reais autorias. RECLAMA\u00c7\u00d5ES SOBRE VIOLA\u00c7\u00c3O DE DIREITOS AUTORAIS N\u00f3s respeitamos a propriedade intelectual de outras pessoas ou empresas e solicitamos aos nossos membros que fa\u00e7am o mesmo. Toda e qualquer viola\u00e7\u00e3o de direitos autorais dever\u00e1 ser notificada e acompanhada dos documentos e informa\u00e7\u00f5es que confirmam a autoria. A notifica\u00e7\u00e3o poder\u00e1 ser enviada pelos e-mails constantes do site ou via postal para o seguinte endere\u00e7o contato@logicomex.com. O acesso ao www.logicomex.com representa a aceita\u00e7\u00e3o expressa e irrestrita dos termos de uso acima descritos. [\/vc_column_text][\/vc_column][\/vc_row]<\/p>\n","protected":false},"author":1,"featured_media":0,"parent":0,"menu_order":0,"comment_status":"closed","ping_status":"closed","template":"","meta":{"footnotes":""},"class_list":["post-4900","page","type-page","status-publish","hentry"],"_links":{"self":[{"href":"https:\/\/logicomex.com.br\/index.php\/wp-json\/wp\/v2\/pages\/4900","targetHints":{"allow":["GET"]}}],"collection":[{"href":"https:\/\/logicomex.com.br\/index.php\/wp-json\/wp\/v2\/pages"}],"about":[{"href":"https:\/\/logicomex.com.br\/index.php\/wp-json\/wp\/v2\/types\/page"}],"author":[{"embeddable":true,"href":"https:\/\/logicomex.com.br\/index.php\/wp-json\/wp\/v2\/users\/1"}],"replies":[{"embeddable":true,"href":"https:\/\/logicomex.com.br\/index.php\/wp-json\/wp\/v2\/comments?post=4900"}],"version-history":[{"count":3,"href":"https:\/\/logicomex.com.br\/index.php\/wp-json\/wp\/v2\/pages\/4900\/revisions"}],"predecessor-version":[{"id":5309,"href":"https:\/\/logicomex.com.br\/index.php\/wp-json\/wp\/v2\/pages\/4900\/revisions\/5309"}],"wp:attachment":[{"href":"https:\/\/logicomex.com.br\/index.php\/wp-json\/wp\/v2\/media?parent=4900"}],"curies":[{"name":"wp","href":"https:\/\/api.w.org\/{rel}","templated":true}]}}