{"id":326,"date":"2018-01-15T10:28:11","date_gmt":"2018-01-15T12:28:11","guid":{"rendered":"https:\/\/logicomex.com.br\/about-us\/"},"modified":"2019-09-19T15:20:20","modified_gmt":"2019-09-19T18:20:20","slug":"empresa","status":"publish","type":"page","link":"https:\/\/logicomex.com.br\/index.php\/empresa\/","title":{"rendered":"Empresa"},"content":{"rendered":"<p>[vc_row full_width=&#8221;stretch_row_content_no_spaces&#8221; background_image=&#8221;327&#8243;][vc_column][tm_spacer size=&#8221;xs:200;sm:400;md:600;lg:800&#8243;][\/vc_column][\/vc_row][vc_row full_width=&#8221;stretch_row&#8221; lg_spacing=&#8221;border_bottom:1;padding_top:120;padding_bottom:70&#8243; sm_spacing=&#8221;padding_top:100;padding_bottom:50&#8243;][vc_column width=&#8221;1\/3&#8243;][tm_box_icon align=&#8221;center&#8221; icon_type=&#8221;fontawesome&#8221; icon_fontawesome=&#8221;fa fa-truck&#8221; heading=&#8221;Door to Door&#8221; link=&#8221;url:%23|title:On%20Time%20Service||&#8221; text=&#8221;Log\u00edstica integrada em todas as etapas do processo, desde a coleta at\u00e9 a entrega da carga no destino.&#8221;][\/vc_column][vc_column width=&#8221;1\/3&#8243;][tm_box_icon align=&#8221;center&#8221; icon_type=&#8221;fontawesome&#8221; icon_fontawesome=&#8221;fa fa-star&#8221; heading=&#8221;Servi\u00e7o de Excel\u00eancia&#8221; link=&#8221;url:%23|title:On%20Time%20Service||&#8221; text=&#8221;Excel\u00eancia no desembara\u00e7o aduaneiro, sempre buscando a redu\u00e7\u00e3o de custos e melhores op\u00e7\u00f5es para log\u00edstica e transporte de cargas.&#8221;][\/vc_column][vc_column width=&#8221;1\/3&#8243;][tm_box_icon align=&#8221;center&#8221; icon_type=&#8221;fontawesome&#8221; icon_fontawesome=&#8221;fa fa-handshake-o&#8221; heading=&#8221;Equipe&#8221; link=&#8221;url:%23|title:On%20Time%20Service||&#8221; text=&#8221;Formada por uma equipe especializada, que alia conhecimento e experi\u00eancia com um atendimento pessoal e diferenciado.&#8221;][\/vc_column][\/vc_row][vc_row lg_spacing=&#8221;padding_top:93;padding_bottom:123&#8243;][vc_column width=&#8221;1\/3&#8243;][tm_heading custom_google_font=&#8221;&#8221; text=&#8221;Melhores solu\u00e7\u00f5es em <mark>Desembara\u00e7o Aduaneiro<\/mark>&#8221; font_size=&#8221;sm:24;md:30;lg:36&#8243;][tm_spacer size=&#8221;lg:35&#8243;][tm_button style=&#8221;border-text&#8221; button=&#8221;url:https%3A%2F%2Flogicomex.com.br%2Fwp-content%2Fuploads%2F2019%2F09%2FAPRESENTACAO-LOGICOMEX-2019-07-23.pdf|title:Apresenta%C3%A7%C3%A3o|target:%20_blank|&#8221; icon_align=&#8221;left&#8221; icon_type=&#8221;ion&#8221; icon_ion=&#8221;ion-android-download&#8221; color=&#8221;custom&#8221; button_bg_color=&#8221;&#8221; font_color=&#8221;custom&#8221; button_border_color=&#8221;&#8221; button_icon_color=&#8221;&#8221; button_bg_color_hover=&#8221;&#8221; font_color_hover=&#8221;primary&#8221; button_border_color_hover=&#8221;&#8221; button_icon_color_hover=&#8221;&#8221; custom_font_color=&#8221;#999999&#8243;][tm_spacer size=&#8221;xs:40&#8243;][\/vc_column][vc_column width=&#8221;2\/3&#8243; offset=&#8221;vc_col-md-offset-1 vc_col-md-7&#8243;][vc_column_text]<\/p>\n<p style=\"text-align: justify;\">A Logicomex Assessoria Aduaneira \u00e9 uma empresa especializada em despachos aduaneiros, opera\u00e7\u00f5es de importa\u00e7\u00e3o, exporta\u00e7\u00e3o e consultoria, fundada em 2014 da uni\u00e3o de seus s\u00f3cios-propriet\u00e1rios e tamb\u00e9m Despachantes Aduaneiros que aliaram conhecimento e experi\u00eancia, atrav\u00e9s de bagagem adquirida em grandes empresas, incluindo multinacionais. Com comprometimento e seriedade a empresa conquistou reconhecimento de seus clientes pelo atendimento diferenciado e de qualidade.<\/p>\n<p style=\"text-align: justify;\">Atuamos com excel\u00eancia no desembara\u00e7o aduaneiro, buscando sempre redu\u00e7\u00e3o de custos e melhores op\u00e7\u00f5es para nossos clientes.<\/p>\n<p>[\/vc_column_text][\/vc_column][\/vc_row][vc_row full_width=&#8221;stretch_row_content&#8221; equal_height=&#8221;yes&#8221; content_placement=&#8221;middle&#8221;][vc_column background_image=&#8221;5453&#8243; background_position=&#8221;center&#8221; offset=&#8221;vc_col-md-6&#8243;][tm_spacer size=&#8221;lg:400&#8243;][\/vc_column][vc_column background_color=&#8221;primary&#8221; offset=&#8221;vc_col-md-6&#8243;][tm_spacer size=&#8221;sm:100;lg:144&#8243;][vc_row_inner max_width=&#8221;600px&#8221;][vc_column_inner lg_spacing=&#8221;padding_left:115&#8243; md_spacing=&#8221;padding_left:35&#8243; sm_spacing=&#8221;padding_left:15&#8243;][tm_heading custom_google_font=&#8221;&#8221; text_color=&#8221;custom&#8221; custom_text_color=&#8221;#ffffff&#8221; text=&#8221;Mais de 20 anos de experi\u00eancia&#8221; font_size=&#8221;sm:24;md:30;lg:36&#8243;][tm_spacer size=&#8221;lg:25&#8243;][vc_column_text]<\/p>\n<p style=\"text-align: justify;\"><span style=\"color: #ffffff;\">Nossa equipe \u00e9 formada por profissionais altamente qualificados e experientes, para que a gente consiga entregar solu\u00e7\u00f5es inteligentes, visando melhorias cont\u00ednuas no processo de importa\u00e7\u00e3o e exporta\u00e7\u00e3o, agregando valor \u00e0 cadeia log\u00edstica dos nossos clientes.<\/span><\/p>\n<p>[\/vc_column_text][tm_spacer size=&#8221;lg:31&#8243;][tm_list list_style=&#8221;circle&#8221; marker_color=&#8221;custom&#8221; custom_marker_color=&#8221;#ffffff&#8221; title_color=&#8221;custom&#8221; custom_title_color=&#8221;#ffffff&#8221; columns=&#8221;xs:1;lg:1&#8243; items=&#8221;%5B%7B%22item_title%22%3A%22Sistema%20Office%20Comex%20(%20LI%20)%20e%20(%20DI%20)%22%7D%2C%7B%22item_title%22%3A%22Sistema%20Follow%20Web%20com%20informa%C3%A7%C3%B5es%20dos%20processos%20em%20tempo%20real%22%7D%2C%7B%22item_title%22%3A%22Sistema%20TEC%20WIN%20com%20informa%C3%A7%C3%B5es%20tribut%C3%A1rias%20e%20NCM%C2%B4s%20%22%7D%5D&#8221;][\/vc_column_inner][\/vc_row_inner][tm_spacer size=&#8221;sm:100;lg:128&#8243;][\/vc_column][\/vc_row][vc_row full_width=&#8221;stretch_row_content&#8221; equal_height=&#8221;yes&#8221; content_placement=&#8221;middle&#8221;][vc_column background_color=&#8221;custom&#8221; custom_background_color=&#8221;#f7f7f7&#8243; offset=&#8221;vc_col-md-6&#8243;][tm_spacer size=&#8221;sm:100;md:150;lg:166&#8243;][vc_row_inner content_alignment=&#8221;right&#8221; sm_content_alignment=&#8221;left&#8221; max_width=&#8221;600px&#8221;][vc_column_inner lg_spacing=&#8221;padding_right:110&#8243; md_spacing=&#8221;padding_right:40&#8243; sm_spacing=&#8221;padding_right:15&#8243;][tm_heading custom_google_font=&#8221;&#8221; text=&#8221;Lendo a hist\u00f3ria<br \/>\npor tr\u00e1s do nosso sucesso&#8221; font_size=&#8221;sm:24;md:30;lg:36&#8243;][tm_spacer size=&#8221;lg:35&#8243;][vc_column_text]<\/p>\n<p style=\"text-align: justify;\">A Logicomex Assessoria Aduaneira foi constitu\u00edda em 2014 com escrit\u00f3rio pr\u00f3prio localizado no cora\u00e7\u00e3o do Centro do Rio de Janeiro, com f\u00e1cil acesso \u00e0 zona portu\u00e1ria, zona secund\u00e1ria (Clia) e aeroporto internacional do RJ (TECA). A Logicomex atua nas principais Alf\u00e2ndegas em todo Brasil (RJ, Itagua\u00ed, Santos, Guarulhos, Viracopos, Vit\u00f3ria, Suape, entre outros). Consulte nossa equipe sobre outras localidades.<\/p>\n<p>[\/vc_column_text][\/vc_column_inner][\/vc_row_inner][tm_spacer size=&#8221;sm:100;md:150;lg:191&#8243;][\/vc_column][vc_column background_image=&#8221;5037&#8243; background_position=&#8221;center&#8221; offset=&#8221;vc_col-md-6&#8243;][tm_spacer size=&#8221;lg:400&#8243;][\/vc_column][\/vc_row][vc_row full_width=&#8221;stretch_row_content&#8221; lg_spacing=&#8221;padding_right:95;padding_left:95&#8243; md_spacing=&#8221;padding_right:35;padding_left:35&#8243; sm_spacing=&#8221;padding_right:0;padding_left:0&#8243;][vc_column][tm_spacer size=&#8221;lg:102&#8243;][tm_heading custom_google_font=&#8221;&#8221; align=&#8221;center&#8221; text=&#8221;Depoimentos de Clientes&#8221; font_size=&#8221;sm:24;md:30;lg:36&#8243;][tm_spacer size=&#8221;lg:79&#8243;][tm_testimonial number=&#8221;9&#8243; auto_play=&#8221;&#8221; taxonomies=&#8221;testimonial_category:classic&#8221; carousel_items_display=&#8221;xs:1;sm:2;md:3;lg:5&#8243; carousel_gutter=&#8221;lg:0&#8243;][tm_spacer size=&#8221;sm:100;lg:120&#8243;][\/vc_column][\/vc_row][vc_row full_width=&#8221;stretch_row&#8221; content_placement=&#8221;middle&#8221; background_color=&#8221;primary&#8221; background_size=&#8221;auto&#8221; background_image=&#8221;386&#8243; background_position=&#8221;top left 12%&#8221; lg_spacing=&#8221;padding_top:45;padding_bottom:45&#8243;][vc_column width=&#8221;1\/2&#8243; offset=&#8221;vc_col-md-7&#8243;][tm_heading custom_google_font=&#8221;&#8221; xs_align=&#8221;center&#8221; text_color=&#8221;custom&#8221; custom_text_color=&#8221;#ffffff&#8221; text=&#8221;Buscando uma Empresa de Despacho Aduaneiro de alto n\u00edvel?&#8221; font_size=&#8221;lg:24&#8243;][tm_spacer size=&#8221;xs:30&#8243;][\/vc_column][vc_column width=&#8221;1\/2&#8243; offset=&#8221;vc_col-md-5&#8243;][tm_button style=&#8221;border-icon&#8221; button=&#8221;url:https%3A%2F%2Flogicomex.com.br%2Fcontato%2F|title:Entre%20em%20Contato||&#8221; align=&#8221;right&#8221; xs_align=&#8221;center&#8221; icon_type=&#8221;ion&#8221; icon_ion=&#8221;ion-android-mail&#8221; color=&#8221;custom&#8221; button_bg_color=&#8221;custom&#8221; font_color=&#8221;custom&#8221; button_border_color=&#8221;custom&#8221; button_icon_color=&#8221;primary&#8221; button_bg_color_hover=&#8221;custom&#8221; font_color_hover=&#8221;custom&#8221; button_border_color_hover=&#8221;custom&#8221; button_icon_color_hover=&#8221;custom&#8221; custom_button_bg_color=&#8221;#ffffff&#8221; custom_font_color=&#8221;#222222&#8243; custom_button_border_color=&#8221;#eeeeee&#8221; custom_font_color_hover=&#8221;#ffffff&#8221; custom_button_border_color_hover=&#8221;rgba(255,255,255,0.1)&#8221; custom_button_icon_color_hover=&#8221;#ffffff&#8221; custom_button_bg_color_hover=&#8221;#222222&#8243;][\/vc_column][\/vc_row]<\/p>\n","protected":false},"excerpt":{"rendered":"<p>[vc_row full_width=&#8221;stretch_row_content_no_spaces&#8221; background_image=&#8221;327&#8243;][vc_column][tm_spacer size=&#8221;xs:200;sm:400;md:600;lg:800&#8243;][\/vc_column][\/vc_row][vc_row full_width=&#8221;stretch_row&#8221; lg_spacing=&#8221;border_bottom:1;padding_top:120;padding_bottom:70&#8243; sm_spacing=&#8221;padding_top:100;padding_bottom:50&#8243;][vc_column width=&#8221;1\/3&#8243;][tm_box_icon align=&#8221;center&#8221; icon_type=&#8221;fontawesome&#8221; icon_fontawesome=&#8221;fa fa-truck&#8221; heading=&#8221;Door to Door&#8221; link=&#8221;url:%23|title:On%20Time%20Service||&#8221; text=&#8221;Log\u00edstica integrada em todas as etapas do processo, desde a coleta at\u00e9 a entrega da carga no destino.&#8221;][\/vc_column][vc_column width=&#8221;1\/3&#8243;][tm_box_icon align=&#8221;center&#8221; icon_type=&#8221;fontawesome&#8221; icon_fontawesome=&#8221;fa fa-star&#8221; heading=&#8221;Servi\u00e7o de Excel\u00eancia&#8221; link=&#8221;url:%23|title:On%20Time%20Service||&#8221; text=&#8221;Excel\u00eancia no desembara\u00e7o aduaneiro, sempre buscando a redu\u00e7\u00e3o de custos e melhores op\u00e7\u00f5es para log\u00edstica e transporte de cargas.&#8221;][\/vc_column][vc_column width=&#8221;1\/3&#8243;][tm_box_icon align=&#8221;center&#8221; icon_type=&#8221;fontawesome&#8221; icon_fontawesome=&#8221;fa fa-handshake-o&#8221; heading=&#8221;Equipe&#8221; link=&#8221;url:%23|title:On%20Time%20Service||&#8221; text=&#8221;Formada por uma equipe especializada, que alia conhecimento e experi\u00eancia com um atendimento pessoal e diferenciado.&#8221;][\/vc_column][\/vc_row][vc_row lg_spacing=&#8221;padding_top:93;padding_bottom:123&#8243;][vc_column width=&#8221;1\/3&#8243;][tm_heading custom_google_font=&#8221;&#8221; text=&#8221;Melhores solu\u00e7\u00f5es em Desembara\u00e7o Aduaneiro&#8221; font_size=&#8221;sm:24;md:30;lg:36&#8243;][tm_spacer size=&#8221;lg:35&#8243;][tm_button style=&#8221;border-text&#8221; button=&#8221;url:https%3A%2F%2Flogicomex.com.br%2Fwp-content%2Fuploads%2F2019%2F09%2FAPRESENTACAO-LOGICOMEX-2019-07-23.pdf|title:Apresenta%C3%A7%C3%A3o|target:%20_blank|&#8221; icon_align=&#8221;left&#8221; icon_type=&#8221;ion&#8221; icon_ion=&#8221;ion-android-download&#8221; color=&#8221;custom&#8221; button_bg_color=&#8221;&#8221; font_color=&#8221;custom&#8221; button_border_color=&#8221;&#8221; button_icon_color=&#8221;&#8221; button_bg_color_hover=&#8221;&#8221; font_color_hover=&#8221;primary&#8221; button_border_color_hover=&#8221;&#8221; button_icon_color_hover=&#8221;&#8221; custom_font_color=&#8221;#999999&#8243;][tm_spacer size=&#8221;xs:40&#8243;][\/vc_column][vc_column width=&#8221;2\/3&#8243; offset=&#8221;vc_col-md-offset-1 vc_col-md-7&#8243;][vc_column_text] A Logicomex Assessoria Aduaneira \u00e9 uma empresa especializada em despachos aduaneiros, opera\u00e7\u00f5es de importa\u00e7\u00e3o, exporta\u00e7\u00e3o e consultoria, fundada em 2014 da uni\u00e3o de seus s\u00f3cios-propriet\u00e1rios e tamb\u00e9m Despachantes Aduaneiros que aliaram conhecimento e experi\u00eancia, atrav\u00e9s de bagagem adquirida em grandes empresas, incluindo multinacionais. Com comprometimento e seriedade a empresa conquistou reconhecimento de seus clientes pelo atendimento diferenciado e de qualidade. Atuamos com excel\u00eancia no desembara\u00e7o aduaneiro, buscando sempre redu\u00e7\u00e3o de custos e melhores op\u00e7\u00f5es para nossos clientes. [\/vc_column_text][\/vc_column][\/vc_row][vc_row full_width=&#8221;stretch_row_content&#8221; equal_height=&#8221;yes&#8221; content_placement=&#8221;middle&#8221;][vc_column background_image=&#8221;5453&#8243; background_position=&#8221;center&#8221; offset=&#8221;vc_col-md-6&#8243;][tm_spacer size=&#8221;lg:400&#8243;][\/vc_column][vc_column background_color=&#8221;primary&#8221; offset=&#8221;vc_col-md-6&#8243;][tm_spacer size=&#8221;sm:100;lg:144&#8243;][vc_row_inner max_width=&#8221;600px&#8221;][vc_column_inner lg_spacing=&#8221;padding_left:115&#8243; md_spacing=&#8221;padding_left:35&#8243; sm_spacing=&#8221;padding_left:15&#8243;][tm_heading custom_google_font=&#8221;&#8221; text_color=&#8221;custom&#8221; custom_text_color=&#8221;#ffffff&#8221; text=&#8221;Mais de 20 anos de experi\u00eancia&#8221; font_size=&#8221;sm:24;md:30;lg:36&#8243;][tm_spacer size=&#8221;lg:25&#8243;][vc_column_text] Nossa equipe \u00e9 formada por profissionais altamente qualificados e experientes, para que a gente consiga entregar solu\u00e7\u00f5es inteligentes, visando melhorias cont\u00ednuas no processo de importa\u00e7\u00e3o e exporta\u00e7\u00e3o, agregando valor \u00e0 cadeia log\u00edstica dos nossos clientes. [\/vc_column_text][tm_spacer size=&#8221;lg:31&#8243;][tm_list list_style=&#8221;circle&#8221; marker_color=&#8221;custom&#8221; custom_marker_color=&#8221;#ffffff&#8221; title_color=&#8221;custom&#8221; custom_title_color=&#8221;#ffffff&#8221; columns=&#8221;xs:1;lg:1&#8243; items=&#8221;%5B%7B%22item_title%22%3A%22Sistema%20Office%20Comex%20(%20LI%20)%20e%20(%20DI%20)%22%7D%2C%7B%22item_title%22%3A%22Sistema%20Follow%20Web%20com%20informa%C3%A7%C3%B5es%20dos%20processos%20em%20tempo%20real%22%7D%2C%7B%22item_title%22%3A%22Sistema%20TEC%20WIN%20com%20informa%C3%A7%C3%B5es%20tribut%C3%A1rias%20e%20NCM%C2%B4s%20%22%7D%5D&#8221;][\/vc_column_inner][\/vc_row_inner][tm_spacer size=&#8221;sm:100;lg:128&#8243;][\/vc_column][\/vc_row][vc_row full_width=&#8221;stretch_row_content&#8221; equal_height=&#8221;yes&#8221; content_placement=&#8221;middle&#8221;][vc_column background_color=&#8221;custom&#8221; custom_background_color=&#8221;#f7f7f7&#8243; offset=&#8221;vc_col-md-6&#8243;][tm_spacer size=&#8221;sm:100;md:150;lg:166&#8243;][vc_row_inner content_alignment=&#8221;right&#8221; sm_content_alignment=&#8221;left&#8221; max_width=&#8221;600px&#8221;][vc_column_inner lg_spacing=&#8221;padding_right:110&#8243; md_spacing=&#8221;padding_right:40&#8243; sm_spacing=&#8221;padding_right:15&#8243;][tm_heading custom_google_font=&#8221;&#8221; text=&#8221;Lendo a hist\u00f3ria por tr\u00e1s do nosso sucesso&#8221; font_size=&#8221;sm:24;md:30;lg:36&#8243;][tm_spacer size=&#8221;lg:35&#8243;][vc_column_text] A Logicomex Assessoria Aduaneira foi constitu\u00edda em 2014 com escrit\u00f3rio pr\u00f3prio localizado no cora\u00e7\u00e3o do Centro do Rio de Janeiro, com f\u00e1cil acesso \u00e0 zona portu\u00e1ria, zona secund\u00e1ria (Clia) e aeroporto internacional do RJ (TECA). A Logicomex atua nas principais Alf\u00e2ndegas em todo Brasil (RJ, Itagua\u00ed, Santos, Guarulhos, Viracopos, Vit\u00f3ria, Suape, entre outros). Consulte nossa equipe sobre outras localidades. [\/vc_column_text][\/vc_column_inner][\/vc_row_inner][tm_spacer size=&#8221;sm:100;md:150;lg:191&#8243;][\/vc_column][vc_column background_image=&#8221;5037&#8243; background_position=&#8221;center&#8221; offset=&#8221;vc_col-md-6&#8243;][tm_spacer size=&#8221;lg:400&#8243;][\/vc_column][\/vc_row][vc_row full_width=&#8221;stretch_row_content&#8221; lg_spacing=&#8221;padding_right:95;padding_left:95&#8243; md_spacing=&#8221;padding_right:35;padding_left:35&#8243; sm_spacing=&#8221;padding_right:0;padding_left:0&#8243;][vc_column][tm_spacer size=&#8221;lg:102&#8243;][tm_heading custom_google_font=&#8221;&#8221; align=&#8221;center&#8221; text=&#8221;Depoimentos de Clientes&#8221; font_size=&#8221;sm:24;md:30;lg:36&#8243;][tm_spacer size=&#8221;lg:79&#8243;][tm_testimonial number=&#8221;9&#8243; auto_play=&#8221;&#8221; taxonomies=&#8221;testimonial_category:classic&#8221; carousel_items_display=&#8221;xs:1;sm:2;md:3;lg:5&#8243; carousel_gutter=&#8221;lg:0&#8243;][tm_spacer size=&#8221;sm:100;lg:120&#8243;][\/vc_column][\/vc_row][vc_row full_width=&#8221;stretch_row&#8221; content_placement=&#8221;middle&#8221; background_color=&#8221;primary&#8221; background_size=&#8221;auto&#8221; background_image=&#8221;386&#8243; background_position=&#8221;top left 12%&#8221; lg_spacing=&#8221;padding_top:45;padding_bottom:45&#8243;][vc_column width=&#8221;1\/2&#8243; offset=&#8221;vc_col-md-7&#8243;][tm_heading custom_google_font=&#8221;&#8221; xs_align=&#8221;center&#8221; text_color=&#8221;custom&#8221; custom_text_color=&#8221;#ffffff&#8221; text=&#8221;Buscando uma Empresa de Despacho Aduaneiro de alto n\u00edvel?&#8221; font_size=&#8221;lg:24&#8243;][tm_spacer size=&#8221;xs:30&#8243;][\/vc_column][vc_column width=&#8221;1\/2&#8243; offset=&#8221;vc_col-md-5&#8243;][tm_button style=&#8221;border-icon&#8221; button=&#8221;url:https%3A%2F%2Flogicomex.com.br%2Fcontato%2F|title:Entre%20em%20Contato||&#8221; align=&#8221;right&#8221; xs_align=&#8221;center&#8221; icon_type=&#8221;ion&#8221; icon_ion=&#8221;ion-android-mail&#8221; color=&#8221;custom&#8221; button_bg_color=&#8221;custom&#8221; font_color=&#8221;custom&#8221; button_border_color=&#8221;custom&#8221; button_icon_color=&#8221;primary&#8221; button_bg_color_hover=&#8221;custom&#8221; font_color_hover=&#8221;custom&#8221; button_border_color_hover=&#8221;custom&#8221; button_icon_color_hover=&#8221;custom&#8221; custom_button_bg_color=&#8221;#ffffff&#8221; custom_font_color=&#8221;#222222&#8243; custom_button_border_color=&#8221;#eeeeee&#8221; custom_font_color_hover=&#8221;#ffffff&#8221; custom_button_border_color_hover=&#8221;rgba(255,255,255,0.1)&#8221; custom_button_icon_color_hover=&#8221;#ffffff&#8221; custom_button_bg_color_hover=&#8221;#222222&#8243;][\/vc_column][\/vc_row]<\/p>\n","protected":false},"author":1,"featured_media":0,"parent":0,"menu_order":7,"comment_status":"closed","ping_status":"closed","template":"","meta":{"footnotes":""},"class_list":["post-326","page","type-page","status-publish","hentry"],"_links":{"self":[{"href":"https:\/\/logicomex.com.br\/index.php\/wp-json\/wp\/v2\/pages\/326","targetHints":{"allow":["GET"]}}],"collection":[{"href":"https:\/\/logicomex.com.br\/index.php\/wp-json\/wp\/v2\/pages"}],"about":[{"href":"https:\/\/logicomex.com.br\/index.php\/wp-json\/wp\/v2\/types\/page"}],"author":[{"embeddable":true,"href":"https:\/\/logicomex.com.br\/index.php\/wp-json\/wp\/v2\/users\/1"}],"replies":[{"embeddable":true,"href":"https:\/\/logicomex.com.br\/index.php\/wp-json\/wp\/v2\/comments?post=326"}],"version-history":[{"count":18,"href":"https:\/\/logicomex.com.br\/index.php\/wp-json\/wp\/v2\/pages\/326\/revisions"}],"predecessor-version":[{"id":5480,"href":"https:\/\/logicomex.com.br\/index.php\/wp-json\/wp\/v2\/pages\/326\/revisions\/5480"}],"wp:attachment":[{"href":"https:\/\/logicomex.com.br\/index.php\/wp-json\/wp\/v2\/media?parent=326"}],"curies":[{"name":"wp","href":"https:\/\/api.w.org\/{rel}","templated":true}]}}