{"id":3,"date":"2019-02-23T13:39:43","date_gmt":"2019-02-23T16:39:43","guid":{"rendered":"https:\/\/logicomex.com.br\/?page_id=3"},"modified":"2019-09-10T15:29:04","modified_gmt":"2019-09-10T18:29:04","slug":"politica-privacidade","status":"publish","type":"page","link":"https:\/\/logicomex.com.br\/index.php\/politica-privacidade\/","title":{"rendered":"Pol\u00edtica de Privacidade"},"content":{"rendered":"<p>[vc_row][vc_column][vc_column_text]<\/p>\n<p style=\"text-align: justify;\">A presente pol\u00edtica \u00e9 v\u00e1lida para todos os servi\u00e7os da Logicomex Assessoria Aduaneira Ltda, inscrita no CNPJ: n\u00ba 20.819.679\/0001-52.<\/p>\n<p style=\"text-align: justify;\">N\u00f3s, da Logicomex, estamos comprometidos em resguardar sua privacidade. O intuito deste documento \u00e9 esclarecer quais informa\u00e7\u00f5es s\u00e3o coletadas dos usu\u00e1rios do nosso site www.logicomex.com\u00a0e de que forma esses dados s\u00e3o manipulados e utilizados. Alertamos que se voc\u00ea n\u00e3o concorda com o conte\u00fado desta pol\u00edtica, n\u00e3o \u00e9 recomend\u00e1vel baixar nossos materiais nem utilizar quaisquer de nossos servi\u00e7os.<\/p>\n<p style=\"text-align: justify;\"><strong>SOBRE A COLETA DE DADOS<\/strong><\/p>\n<p style=\"text-align: justify;\">Em nossos sites, as informa\u00e7\u00f5es s\u00e3o coletadas das seguintes formas: Informa\u00e7\u00f5es fornecidas por voc\u00ea: Coletamos informa\u00e7\u00f5es de identifica\u00e7\u00e3o pessoal \u2013 como nome, telefone, email \u2013 via preenchimento dos formul\u00e1rios para download de nossos conte\u00fados gratuito ou pagos. Eventualmente, a solicita\u00e7\u00e3o de algumas informa\u00e7\u00f5es podem ser feitas por meio de contato direto com os usu\u00e1rios via email ou telefone. Informa\u00e7\u00f5es de navega\u00e7\u00e3o no site: Quando voc\u00ea visita nosso site, \u00e9 inserido um \u2018cookie\u2019 no seu navegador por meio do software Google Analytics, para identificar quantas vezes voc\u00ea retorna ao nosso endere\u00e7o. S\u00e3o coletadas, anonimamente, informa\u00e7\u00f5es, como endere\u00e7o IP, localiza\u00e7\u00e3o geogr\u00e1fica, fonte de refer\u00eancia, tipo de navegador, dura\u00e7\u00e3o da visita e p\u00e1ginas visitadas.<\/p>\n<p style=\"text-align: justify;\"><strong>SOBRE O HIST\u00d3RICO DE CONTATO<\/strong><\/p>\n<p style=\"text-align: justify;\">Armazenamos informa\u00e7\u00f5es a respeito de todos os contatos j\u00e1 realizados com nossos usu\u00e1rios, como conte\u00fados baixados a partir de nossas p\u00e1ginas e intera\u00e7\u00f5es via email.<\/p>\n<p style=\"text-align: justify;\"><strong>SOBRE USO DE INFORMA\u00c7\u00d5ES PESSOAIS<\/strong><\/p>\n<p style=\"text-align: justify;\">O presente termo permite que a Logicomex utilize suas informa\u00e7\u00f5es pessoais para diferentes finalidades. O email \u00e9 utilizado para a opera\u00e7\u00e3o de envio do material ou informa\u00e7\u00e3o por voc\u00ea requisitada no preenchimento do formul\u00e1rio. Por fim, o e-mail ser\u00e1 utilizado ainda para comunicar o lan\u00e7amento de novos materiais gratuitos ou de novos produtos da Logicomex e parceiros. No entanto, o usu\u00e1rio pode cancelar a assinatura a qualquer momento. Os dados de download poder\u00e3o ser divulgados como pesquisas e estat\u00edsticas, n\u00e3o sendo reveladas abertamente nenhuma informa\u00e7\u00e3o pessoal, a menos que autorizada explicitamente.<\/p>\n<p style=\"text-align: justify;\"><strong>SOBRE O ACESSO \u00c0S INFORMA\u00c7\u00d5ES PESSOAIS<\/strong><\/p>\n<p style=\"text-align: justify;\">Poder\u00e3o ver suas informa\u00e7\u00f5es pessoais apenas a equipe da Logicomex e seus parceiros. Eventualmente, caso a inser\u00e7\u00e3o de suas informa\u00e7\u00f5es se d\u00ea em a\u00e7\u00f5es criadas em parcerias, os parceiros explicitamente identificados tamb\u00e9m ter\u00e3o acesso \u00e0 informa\u00e7\u00e3o. Nenhuma informa\u00e7\u00e3o pessoal poder\u00e1 ser divulgada publicamente. A Logicomex tamb\u00e9m se compromete a n\u00e3o vender, alugar ou repassar suas informa\u00e7\u00f5es para terceiros. A \u00fanica exce\u00e7\u00e3o est\u00e1 em casos em que essas informa\u00e7\u00f5es forem exigidas judicialmente. Al\u00e9m disso, embora trabalhemos com boas pr\u00e1ticas de prote\u00e7\u00e3o e seguran\u00e7a, nenhum servi\u00e7o web possui 100% de garantia contra invas\u00f5es e n\u00e3o podemos nos responsabilizar caso isso ocorra.<\/p>\n<p style=\"text-align: justify;\"><strong>MUDAN\u00c7AS NA POL\u00cdTICA DE PRIVACIDADE<\/strong><\/p>\n<p style=\"text-align: justify;\">Essa Pol\u00edtica de Privacidade pode passar por atualiza\u00e7\u00f5es sem aviso pr\u00e9vio. Desta forma, recomendamos visitar periodicamente esta p\u00e1gina para que voc\u00ea tenha conhecimento sobre as modifica\u00e7\u00f5es. Antes de usar informa\u00e7\u00f5es para outros fins que n\u00e3o os definidos nesta Pol\u00edtica de Privacidade, solicitaremos sua autoriza\u00e7\u00e3o. Qualquer d\u00favida em rela\u00e7\u00e3o \u00e0 nossa pol\u00edtica de privacidade pode ser esclarecida entrando em contato conosco atrav\u00e9s do e-mail contato@logicomex.com<\/p>\n<p>[\/vc_column_text][\/vc_column][\/vc_row]<\/p>\n","protected":false},"excerpt":{"rendered":"<p>[vc_row][vc_column][vc_column_text] A presente pol\u00edtica \u00e9 v\u00e1lida para todos os servi\u00e7os da Logicomex Assessoria Aduaneira Ltda, inscrita no CNPJ: n\u00ba 20.819.679\/0001-52. N\u00f3s, da Logicomex, estamos comprometidos em resguardar sua privacidade. O intuito deste documento \u00e9 esclarecer quais informa\u00e7\u00f5es s\u00e3o coletadas dos usu\u00e1rios do nosso site www.logicomex.com\u00a0e de que forma esses dados s\u00e3o manipulados e utilizados. Alertamos que se voc\u00ea n\u00e3o concorda com o conte\u00fado desta pol\u00edtica, n\u00e3o \u00e9 recomend\u00e1vel baixar nossos materiais nem utilizar quaisquer de nossos servi\u00e7os. SOBRE A COLETA DE DADOS Em nossos sites, as informa\u00e7\u00f5es s\u00e3o coletadas das seguintes formas: Informa\u00e7\u00f5es fornecidas por voc\u00ea: Coletamos informa\u00e7\u00f5es de identifica\u00e7\u00e3o pessoal \u2013 como nome, telefone, email \u2013 via preenchimento dos formul\u00e1rios para download de nossos conte\u00fados gratuito ou pagos. Eventualmente, a solicita\u00e7\u00e3o de algumas informa\u00e7\u00f5es podem ser feitas por meio de contato direto com os usu\u00e1rios via email ou telefone. Informa\u00e7\u00f5es de navega\u00e7\u00e3o no site: Quando voc\u00ea visita nosso site, \u00e9 inserido um \u2018cookie\u2019 no seu navegador por meio do software Google Analytics, para identificar quantas vezes voc\u00ea retorna ao nosso endere\u00e7o. S\u00e3o coletadas, anonimamente, informa\u00e7\u00f5es, como endere\u00e7o IP, localiza\u00e7\u00e3o geogr\u00e1fica, fonte de refer\u00eancia, tipo de navegador, dura\u00e7\u00e3o da visita e p\u00e1ginas visitadas. SOBRE O HIST\u00d3RICO DE CONTATO Armazenamos informa\u00e7\u00f5es a respeito de todos os contatos j\u00e1 realizados com nossos usu\u00e1rios, como conte\u00fados baixados a partir de nossas p\u00e1ginas e intera\u00e7\u00f5es via email. SOBRE USO DE INFORMA\u00c7\u00d5ES PESSOAIS O presente termo permite que a Logicomex utilize suas informa\u00e7\u00f5es pessoais para diferentes finalidades. O email \u00e9 utilizado para a opera\u00e7\u00e3o de envio do material ou informa\u00e7\u00e3o por voc\u00ea requisitada no preenchimento do formul\u00e1rio. Por fim, o e-mail ser\u00e1 utilizado ainda para comunicar o lan\u00e7amento de novos materiais gratuitos ou de novos produtos da Logicomex e parceiros. No entanto, o usu\u00e1rio pode cancelar a assinatura a qualquer momento. Os dados de download poder\u00e3o ser divulgados como pesquisas e estat\u00edsticas, n\u00e3o sendo reveladas abertamente nenhuma informa\u00e7\u00e3o pessoal, a menos que autorizada explicitamente. SOBRE O ACESSO \u00c0S INFORMA\u00c7\u00d5ES PESSOAIS Poder\u00e3o ver suas informa\u00e7\u00f5es pessoais apenas a equipe da Logicomex e seus parceiros. Eventualmente, caso a inser\u00e7\u00e3o de suas informa\u00e7\u00f5es se d\u00ea em a\u00e7\u00f5es criadas em parcerias, os parceiros explicitamente identificados tamb\u00e9m ter\u00e3o acesso \u00e0 informa\u00e7\u00e3o. Nenhuma informa\u00e7\u00e3o pessoal poder\u00e1 ser divulgada publicamente. A Logicomex tamb\u00e9m se compromete a n\u00e3o vender, alugar ou repassar suas informa\u00e7\u00f5es para terceiros. A \u00fanica exce\u00e7\u00e3o est\u00e1 em casos em que essas informa\u00e7\u00f5es forem exigidas judicialmente. Al\u00e9m disso, embora trabalhemos com boas pr\u00e1ticas de prote\u00e7\u00e3o e seguran\u00e7a, nenhum servi\u00e7o web possui 100% de garantia contra invas\u00f5es e n\u00e3o podemos nos responsabilizar caso isso ocorra. MUDAN\u00c7AS NA POL\u00cdTICA DE PRIVACIDADE Essa Pol\u00edtica de Privacidade pode passar por atualiza\u00e7\u00f5es sem aviso pr\u00e9vio. Desta forma, recomendamos visitar periodicamente esta p\u00e1gina para que voc\u00ea tenha conhecimento sobre as modifica\u00e7\u00f5es. Antes de usar informa\u00e7\u00f5es para outros fins que n\u00e3o os definidos nesta Pol\u00edtica de Privacidade, solicitaremos sua autoriza\u00e7\u00e3o. Qualquer d\u00favida em rela\u00e7\u00e3o \u00e0 nossa pol\u00edtica de privacidade pode ser esclarecida entrando em contato conosco atrav\u00e9s do e-mail contato@logicomex.com [\/vc_column_text][\/vc_column][\/vc_row]<\/p>\n","protected":false},"author":1,"featured_media":0,"parent":0,"menu_order":0,"comment_status":"closed","ping_status":"closed","template":"","meta":{"footnotes":""},"class_list":["post-3","page","type-page","status-publish","hentry"],"_links":{"self":[{"href":"https:\/\/logicomex.com.br\/index.php\/wp-json\/wp\/v2\/pages\/3","targetHints":{"allow":["GET"]}}],"collection":[{"href":"https:\/\/logicomex.com.br\/index.php\/wp-json\/wp\/v2\/pages"}],"about":[{"href":"https:\/\/logicomex.com.br\/index.php\/wp-json\/wp\/v2\/types\/page"}],"author":[{"embeddable":true,"href":"https:\/\/logicomex.com.br\/index.php\/wp-json\/wp\/v2\/users\/1"}],"replies":[{"embeddable":true,"href":"https:\/\/logicomex.com.br\/index.php\/wp-json\/wp\/v2\/comments?post=3"}],"version-history":[{"count":3,"href":"https:\/\/logicomex.com.br\/index.php\/wp-json\/wp\/v2\/pages\/3\/revisions"}],"predecessor-version":[{"id":5307,"href":"https:\/\/logicomex.com.br\/index.php\/wp-json\/wp\/v2\/pages\/3\/revisions\/5307"}],"wp:attachment":[{"href":"https:\/\/logicomex.com.br\/index.php\/wp-json\/wp\/v2\/media?parent=3"}],"curies":[{"name":"wp","href":"https:\/\/api.w.org\/{rel}","templated":true}]}}